{"id":6155,"date":"2026-04-24T15:14:48","date_gmt":"2026-04-24T15:14:48","guid":{"rendered":"https:\/\/www.zeitunfilms.com\/?page_id=6155"},"modified":"2026-04-24T15:26:09","modified_gmt":"2026-04-24T15:26:09","slug":"politica-de-privacidade-redes-sociais","status":"publish","type":"page","link":"https:\/\/www.zeitunfilms.com\/?page_id=6155&lang=gl","title":{"rendered":"Pol\u00edtica de Privacidade de Redes Sociais"},"content":{"rendered":"<p>De conformidade co establecido na normativa vixente e aplicable de protecci\u00f3n de datos de car\u00e1cter privado e a Lei 34\/2002, do 11 de xullo, de Servizos da Sociedade da Informaci\u00f3n e de Comercio electr\u00f3nico (LSSI-CE), ZEITUN FILMS SL informa os usuarios, que procedeu a crear un perfil na\/s Rede\/\u00e9 Social\/\u00e9 Facebook, X, Instagram, vimeo, coa finalidade principal de publicitar os seus produtos e servizos.<\/p>\n<p>Datos de ZEITUN FILMS SL:<\/p>\n<ul>\n<li>NIF: B70237581<\/li>\n<li>DIRECCI\u00d3N: R\u00faa Santo Andr\u00e9s 122, 1\u00ba. 15003 A Coru\u00f1a<\/li>\n<li>CORREO ELECTR\u00d3NICO: info@zeitunfilms.com<\/li>\n<\/ul>\n<p>O usuario disp\u00f3n dun perfil na mesma Rede Social e decidiu unirse \u00e1 p\u00e1xina creada por ZEITUN FILMS SL, mostrando as\u00ed interese na informaci\u00f3n que se publicite na Rede. Ao unirse \u00e1 nosa p\u00e1xina, facil\u00edtanos o seu consentimento para o tratamento daqueles datos privados publicados no seu perfil.<\/p>\n<p>O usuario pode acceder en todo momento \u00e1s pol\u00edticas de privacidade da propia Rede Social, as\u00ed como configurar o seu perfil para garantir a s\u00faa privacidade.<\/p>\n<p>ZEITUN FILMS SL ten acceso e trata aquela informaci\u00f3n p\u00fablica do usuario, en especial, o seu nome de contacto. Estes datos, s\u00f3 son utilizados dentro da propia Rede Social. Non son incorporados a ning\u00fan sistema de tratamento.<\/p>\n<p>&nbsp;<\/p>\n<h4>Dereitos dos interesados<\/h4>\n<p>En relaci\u00f3n aos dereitos de acceso, rectificaci\u00f3n, limitaci\u00f3n de tratamento, supresi\u00f3n, portabilidade e oposici\u00f3n ao tratamento dos seus datos de car\u00e1cter privado, dos que vostede disp\u00f3n e que poden ser exercitados ante ZEITUN FILMS SL, de acordo coa RXPD, debe ter en conta os seguintes matices:<\/p>\n<ul>\n<li>Dereito de Acceso: \u00c9 o dereito do usuario para obter informaci\u00f3n sobre os seus datos concretos de car\u00e1cter privado e do tratamento que se realizase ou realice, as\u00ed como da informaci\u00f3n dispo\u00f1ible sobre a orixe dos devanditos datos e as comunicaci\u00f3ns realizadas ou previstas dos mesmos.<\/li>\n<li>Dereito de Rectificaci\u00f3n: \u00c9 o dereito do afectado a que se modifiquen os datos que resulten ser inexactos ou incompletos. S\u00f3 poder\u00e1 satisfacerse en relaci\u00f3n a aquela informaci\u00f3n que se atope baixo o control de ZEITUN FILMS SL, por exemplo, eliminar comentarios publicados na propia p\u00e1xina, imaxes ou contidos web onde consten datos de car\u00e1cter privado do usuario.<\/li>\n<li>Dereito \u00e1 Limitaci\u00f3n de tratamento: \u00c9 o dereito a que se limiten os fins do tratamento previstos de forma orixinal polo responsable do tratamento.<\/li>\n<li>Dereito de Supresi\u00f3n: \u00c9 o dereito para suprimir os datos de car\u00e1cter privado do usuario, f\u00f3ra do previsto no propio RXPD ou noutras normativas aplicables que determinen a obrigatoriedade da conservaci\u00f3n dos mesmos, en tempo e forma.<\/li>\n<li>Dereito de portabilidade: O dereito para recibir os datos privados que o usuario, facilitase, nun formato estruturado, de uso com\u00fan e lectura mec\u00e1nica, e a transmitilos a outro responsable.<\/li>\n<li>Dereito de Oposici\u00f3n: \u00c9 o dereito do usuario a que non se leve a cabo o tratamento dos seus datos de car\u00e1cter privado ou c\u00e9sese o tratamento dos mesmos por parte de ZEITUN FILMS SL.<\/li>\n<\/ul>\n<p>&nbsp;<\/p>\n<p>ZEITUN FILMS SL realizar\u00e1 as seguintes actuaci\u00f3ns:<\/p>\n<ul>\n<li>Acceso \u00e1 informaci\u00f3n p\u00fablica do perfil.<\/li>\n<li>Publicaci\u00f3n no perfil do usuario de toda aquela informaci\u00f3n xa publicada na p\u00e1xina de ZEITUN FILMS SL.<\/li>\n<li>Enviar mensaxes privados e individuais a trav\u00e9s das canles da Rede Social.<\/li>\n<li>Actualizaci\u00f3ns do estado da p\u00e1xina que se publicar\u00e1n no perfil do usuario.<\/li>\n<\/ul>\n<p>O usuario sempre pode controlar as s\u00faas conexi\u00f3ns, eliminar os contidos que deixen de interesarlle e restrinxir con quen comparte as s\u00faas conexi\u00f3ns, para iso deber\u00e1 acceder \u00e1 s\u00faa configuraci\u00f3n de privacidade.<\/p>\n<h4>Publicaci\u00f3ns<\/h4>\n<p>O usuario, unha vez unido \u00e1 p\u00e1xina de ZEITUN FILMS SL, poder\u00e1 publicar nesta \u00faltima comentarios, ligaz\u00f3ns, imaxes ou fotograf\u00edas ou calquera outro tipo de contido multimedia soportado pola Rede Social. O usuario, en todos os casos, debe ser o titular dos mesmos, gozar dos dereitos de autor e de propiedade intelectual ou contar co consentimento dos terceiros afectados. Proh\u00edbese expresamente calquera publicaci\u00f3n na p\u00e1xina, xa sexan textos, gr\u00e1ficos, fotograf\u00edas, v\u00eddeos, etc. que atenten ou sexan susceptibles de atentar contra a moral, a \u00e9tica, o bo gusto ou o decoro, e\/o que infrinxan, violen ou quebranten os dereitos de propiedade intelectual ou industrial, o dereito \u00e1 imaxe ou a Lei. Nestes casos, ZEITUN FILMS SL res\u00e9rvase o dereito para retirar de inmediato o contido, podendo solicitar o bloqueo permanente do usuario.<\/p>\n<p>ZEITUN FILMS SL non se far\u00e1 responsable dos contidos que libremente publicou un usuario.<\/p>\n<p>O usuario debe ter presente que as s\u00faas publicaci\u00f3ns ser\u00e1n co\u00f1ecidas polos outros usuarios, polo que el mesmo \u00e9 o principal responsable da s\u00faa privacidade.<\/p>\n<p>As imaxes que poidan publicarse na p\u00e1xina non ser\u00e1n almacenadas en ning\u00fan sistema de tratamento por parte de ZEITUN FILMS SL, pero si que permanecer\u00e1n na Rede Social.<\/p>\n<h4><\/h4>\n<h4>Concursos e promoci\u00f3ns<\/h4>\n<p>ZEITUN FILMS SL res\u00e9rvase o dereito para realizar concursos e promoci\u00f3ns, nos que poder\u00e1 participar o usuario unido \u00e1 s\u00faa p\u00e1xina. As bases de cada un deles, cando se utilice para iso a plataforma da Rede Social, ser\u00e1n publicadas na mesma. Cumprindo sempre coa LSSI-CE e con calquera outra norma que lle sexa de aplicaci\u00f3n.<\/p>\n<p>A Rede Social non patrocina, avala nin administra, de modo alg\u00fan, ningunha das nosas promoci\u00f3ns, nin est\u00e1 asociada a ningunha delas.<\/p>\n<h4><\/h4>\n<h4>Publicidade<\/h4>\n<p>ZEITUN FILMS SL utilizar\u00e1 a Rede Social para publicitar os seus produtos e servizos, en todo caso, se decide tratar os seus datos de contacto para realizar acci\u00f3ns directas de prospecci\u00f3n comercial, ser\u00e1 sempre, cumprindo coas esixencias legais da normativa en materia de protecci\u00f3n de datos e da LSSI-CE. Non se considerar\u00e1 publicidade o feito de recomendar a outros usuarios a p\u00e1xina de ZEITUN FILMS SL para que tam\u00e9n eles poidan desfrutar das promoci\u00f3ns ou estar informados da s\u00faa actividade. A continuaci\u00f3n, detallamos a ligaz\u00f3n \u00e1 pol\u00edtica de privacidade da Rede Social:<\/p>\n<ul>\n<li>Facebook: <a target=\"_blank\" href=\"https:\/\/es-es.facebook.com\/privacy\/explanation\" rel=\"noopener\">https:\/\/es-es.facebook.com\/privacy\/explanation<\/a><\/li>\n<li>X: <a target=\"_blank\" href=\"https:\/\/x.com\/es\/privacy\" rel=\"noopener\">https:\/\/x.com\/es\/privacy<\/a><\/li>\n<li>Instagram: <a target=\"_blank\" href=\"http:\/\/instagram.com\/about\/legal\/privacy\/\" rel=\"noopener\">http:\/\/instagram.com\/about\/legal\/privacy\/<\/a><\/li>\n<li>Vimeo: <a target=\"_blank\" href=\"https:\/\/vimeo.com\/legal\/privacy\/policy\" rel=\"noopener\">https:\/\/vimeo.com\/legal\/privacy\/policy<\/a><\/li>\n<\/ul>\n","protected":false},"excerpt":{"rendered":"<p>De conformidade co establecido na normativa vixente e aplicable de protecci\u00f3n de datos de car\u00e1cter privado e a Lei 34\/2002, do 11 de xullo, de Servizos da Sociedade da Informaci\u00f3n e de Comercio electr\u00f3nico (LSSI-CE), ZEITUN FILMS SL informa os [&hellip;]<\/p>\n","protected":false},"author":2,"featured_media":0,"parent":0,"menu_order":0,"comment_status":"closed","ping_status":"closed","template":"","meta":[],"yoast_head":"<!-- This site is optimized with the Yoast SEO plugin v20.1 - https:\/\/yoast.com\/wordpress\/plugins\/seo\/ -->\n<title>Pol\u00edtica de Privacidade de Redes Sociais - Zeitun Films<\/title>\n<meta name=\"robots\" content=\"index, follow, max-snippet:-1, max-image-preview:large, max-video-preview:-1\" \/>\n<link rel=\"canonical\" href=\"https:\/\/www.zeitunfilms.com\/?page_id=6155&lang=gl\" \/>\n<meta property=\"og:locale\" content=\"en_GB\" \/>\n<meta property=\"og:type\" content=\"article\" \/>\n<meta property=\"og:title\" content=\"Pol\u00edtica de Privacidade de Redes Sociais - Zeitun Films\" \/>\n<meta property=\"og:description\" content=\"De conformidade co establecido na normativa vixente e aplicable de protecci\u00f3n de datos de car\u00e1cter privado e a Lei 34\/2002, do 11 de xullo, de Servizos da Sociedade da Informaci\u00f3n e de Comercio electr\u00f3nico (LSSI-CE), ZEITUN FILMS SL informa os [&hellip;]\" \/>\n<meta property=\"og:url\" content=\"https:\/\/www.zeitunfilms.com\/?page_id=6155&amp;lang=gl\" \/>\n<meta property=\"og:site_name\" content=\"Zeitun Films\" \/>\n<meta property=\"article:publisher\" content=\"https:\/\/www.facebook.com\/ZeitunFilms\" \/>\n<meta property=\"article:modified_time\" content=\"2026-04-24T15:26:09+00:00\" \/>\n<meta property=\"og:image\" content=\"https:\/\/www.zeitunfilms.com\/wp-content\/uploads\/2021\/01\/Zeitun_logo_header.png\" \/>\n\t<meta property=\"og:image:width\" content=\"280\" \/>\n\t<meta property=\"og:image:height\" content=\"101\" \/>\n\t<meta property=\"og:image:type\" content=\"image\/png\" \/>\n<meta name=\"twitter:card\" content=\"summary_large_image\" \/>\n<meta name=\"twitter:site\" content=\"@zeitunfilms\" \/>\n<meta name=\"twitter:label1\" content=\"Estimated reading time\" \/>\n\t<meta name=\"twitter:data1\" content=\"5 minutes\" \/>\n<script type=\"application\/ld+json\" class=\"yoast-schema-graph\">{\"@context\":\"https:\/\/schema.org\",\"@graph\":[{\"@type\":\"WebPage\",\"@id\":\"https:\/\/www.zeitunfilms.com\/?page_id=6155&lang=gl\",\"url\":\"https:\/\/www.zeitunfilms.com\/?page_id=6155&lang=gl\",\"name\":\"Pol\u00edtica de Privacidade de Redes Sociais - Zeitun Films\",\"isPartOf\":{\"@id\":\"https:\/\/www.zeitunfilms.com\/#website\"},\"datePublished\":\"2026-04-24T15:14:48+00:00\",\"dateModified\":\"2026-04-24T15:26:09+00:00\",\"breadcrumb\":{\"@id\":\"https:\/\/www.zeitunfilms.com\/?page_id=6155&lang=gl#breadcrumb\"},\"inLanguage\":\"en-GB\",\"potentialAction\":[{\"@type\":\"ReadAction\",\"target\":[\"https:\/\/www.zeitunfilms.com\/?page_id=6155&lang=gl\"]}]},{\"@type\":\"BreadcrumbList\",\"@id\":\"https:\/\/www.zeitunfilms.com\/?page_id=6155&lang=gl#breadcrumb\",\"itemListElement\":[{\"@type\":\"ListItem\",\"position\":1,\"name\":\"Home\",\"item\":\"https:\/\/www.zeitunfilms.com\/\"},{\"@type\":\"ListItem\",\"position\":2,\"name\":\"Pol\u00edtica de Privacidade de Redes Sociais\"}]},{\"@type\":\"WebSite\",\"@id\":\"https:\/\/www.zeitunfilms.com\/#website\",\"url\":\"https:\/\/www.zeitunfilms.com\/\",\"name\":\"Zeitun Films\",\"description\":\"Zeitun Films\",\"publisher\":{\"@id\":\"https:\/\/www.zeitunfilms.com\/#organization\"},\"potentialAction\":[{\"@type\":\"SearchAction\",\"target\":{\"@type\":\"EntryPoint\",\"urlTemplate\":\"https:\/\/www.zeitunfilms.com\/?s={search_term_string}\"},\"query-input\":\"required name=search_term_string\"}],\"inLanguage\":\"en-GB\"},{\"@type\":\"Organization\",\"@id\":\"https:\/\/www.zeitunfilms.com\/#organization\",\"name\":\"Zeitun Films\",\"url\":\"https:\/\/www.zeitunfilms.com\/\",\"logo\":{\"@type\":\"ImageObject\",\"inLanguage\":\"en-GB\",\"@id\":\"https:\/\/www.zeitunfilms.com\/#\/schema\/logo\/image\/\",\"url\":\"https:\/\/www.zeitunfilms.com\/wp-content\/uploads\/2021\/01\/Zeitun_logo_header.png\",\"contentUrl\":\"https:\/\/www.zeitunfilms.com\/wp-content\/uploads\/2021\/01\/Zeitun_logo_header.png\",\"width\":280,\"height\":101,\"caption\":\"Zeitun Films\"},\"image\":{\"@id\":\"https:\/\/www.zeitunfilms.com\/#\/schema\/logo\/image\/\"},\"sameAs\":[\"https:\/\/www.facebook.com\/ZeitunFilms\",\"https:\/\/twitter.com\/zeitunfilms\",\"https:\/\/www.youtube.com\/channel\/UCf7Nyy93NptlEwYzPW4GEhg\"]}]}<\/script>\n<!-- \/ Yoast SEO plugin. -->","yoast_head_json":{"title":"Pol\u00edtica de Privacidade de Redes Sociais - Zeitun Films","robots":{"index":"index","follow":"follow","max-snippet":"max-snippet:-1","max-image-preview":"max-image-preview:large","max-video-preview":"max-video-preview:-1"},"canonical":"https:\/\/www.zeitunfilms.com\/?page_id=6155&lang=gl","og_locale":"en_GB","og_type":"article","og_title":"Pol\u00edtica de Privacidade de Redes Sociais - Zeitun Films","og_description":"De conformidade co establecido na normativa vixente e aplicable de protecci\u00f3n de datos de car\u00e1cter privado e a Lei 34\/2002, do 11 de xullo, de Servizos da Sociedade da Informaci\u00f3n e de Comercio electr\u00f3nico (LSSI-CE), ZEITUN FILMS SL informa os [&hellip;]","og_url":"https:\/\/www.zeitunfilms.com\/?page_id=6155&lang=gl","og_site_name":"Zeitun Films","article_publisher":"https:\/\/www.facebook.com\/ZeitunFilms","article_modified_time":"2026-04-24T15:26:09+00:00","og_image":[{"width":280,"height":101,"url":"https:\/\/www.zeitunfilms.com\/wp-content\/uploads\/2021\/01\/Zeitun_logo_header.png","type":"image\/png"}],"twitter_card":"summary_large_image","twitter_site":"@zeitunfilms","twitter_misc":{"Estimated reading time":"5 minutes"},"schema":{"@context":"https:\/\/schema.org","@graph":[{"@type":"WebPage","@id":"https:\/\/www.zeitunfilms.com\/?page_id=6155&lang=gl","url":"https:\/\/www.zeitunfilms.com\/?page_id=6155&lang=gl","name":"Pol\u00edtica de Privacidade de Redes Sociais - Zeitun Films","isPartOf":{"@id":"https:\/\/www.zeitunfilms.com\/#website"},"datePublished":"2026-04-24T15:14:48+00:00","dateModified":"2026-04-24T15:26:09+00:00","breadcrumb":{"@id":"https:\/\/www.zeitunfilms.com\/?page_id=6155&lang=gl#breadcrumb"},"inLanguage":"en-GB","potentialAction":[{"@type":"ReadAction","target":["https:\/\/www.zeitunfilms.com\/?page_id=6155&lang=gl"]}]},{"@type":"BreadcrumbList","@id":"https:\/\/www.zeitunfilms.com\/?page_id=6155&lang=gl#breadcrumb","itemListElement":[{"@type":"ListItem","position":1,"name":"Home","item":"https:\/\/www.zeitunfilms.com\/"},{"@type":"ListItem","position":2,"name":"Pol\u00edtica de Privacidade de Redes Sociais"}]},{"@type":"WebSite","@id":"https:\/\/www.zeitunfilms.com\/#website","url":"https:\/\/www.zeitunfilms.com\/","name":"Zeitun Films","description":"Zeitun Films","publisher":{"@id":"https:\/\/www.zeitunfilms.com\/#organization"},"potentialAction":[{"@type":"SearchAction","target":{"@type":"EntryPoint","urlTemplate":"https:\/\/www.zeitunfilms.com\/?s={search_term_string}"},"query-input":"required name=search_term_string"}],"inLanguage":"en-GB"},{"@type":"Organization","@id":"https:\/\/www.zeitunfilms.com\/#organization","name":"Zeitun Films","url":"https:\/\/www.zeitunfilms.com\/","logo":{"@type":"ImageObject","inLanguage":"en-GB","@id":"https:\/\/www.zeitunfilms.com\/#\/schema\/logo\/image\/","url":"https:\/\/www.zeitunfilms.com\/wp-content\/uploads\/2021\/01\/Zeitun_logo_header.png","contentUrl":"https:\/\/www.zeitunfilms.com\/wp-content\/uploads\/2021\/01\/Zeitun_logo_header.png","width":280,"height":101,"caption":"Zeitun Films"},"image":{"@id":"https:\/\/www.zeitunfilms.com\/#\/schema\/logo\/image\/"},"sameAs":["https:\/\/www.facebook.com\/ZeitunFilms","https:\/\/twitter.com\/zeitunfilms","https:\/\/www.youtube.com\/channel\/UCf7Nyy93NptlEwYzPW4GEhg"]}]}},"_links":{"self":[{"href":"https:\/\/www.zeitunfilms.com\/index.php?rest_route=\/wp\/v2\/pages\/6155"}],"collection":[{"href":"https:\/\/www.zeitunfilms.com\/index.php?rest_route=\/wp\/v2\/pages"}],"about":[{"href":"https:\/\/www.zeitunfilms.com\/index.php?rest_route=\/wp\/v2\/types\/page"}],"author":[{"embeddable":true,"href":"https:\/\/www.zeitunfilms.com\/index.php?rest_route=\/wp\/v2\/users\/2"}],"replies":[{"embeddable":true,"href":"https:\/\/www.zeitunfilms.com\/index.php?rest_route=%2Fwp%2Fv2%2Fcomments&post=6155"}],"version-history":[{"count":3,"href":"https:\/\/www.zeitunfilms.com\/index.php?rest_route=\/wp\/v2\/pages\/6155\/revisions"}],"predecessor-version":[{"id":6161,"href":"https:\/\/www.zeitunfilms.com\/index.php?rest_route=\/wp\/v2\/pages\/6155\/revisions\/6161"}],"wp:attachment":[{"href":"https:\/\/www.zeitunfilms.com\/index.php?rest_route=%2Fwp%2Fv2%2Fmedia&parent=6155"}],"curies":[{"name":"wp","href":"https:\/\/api.w.org\/{rel}","templated":true}]}}