{"id":5760,"date":"2021-03-02T17:21:38","date_gmt":"2021-03-02T17:21:38","guid":{"rendered":"http:\/\/www.zeitunfilms.com\/?page_id=5760"},"modified":"2021-03-08T17:20:15","modified_gmt":"2021-03-08T17:20:15","slug":"politica-de-privacidade","status":"publish","type":"page","link":"https:\/\/www.zeitunfilms.com\/?page_id=5760&lang=gl","title":{"rendered":"Pol\u00edtica de privacidade"},"content":{"rendered":"\n<p>Zeitun Films, S.L.&nbsp;inf\u00f3rmalle sobre a s\u00faa Pol\u00edtica de Privacidade respecto do tratamento e protecci\u00f3n dos datos de car\u00e1cter persoal dos usuarios e clientes que poidan ser recollidos pola navegaci\u00f3n ou contrataci\u00f3n de servizos a trav\u00e9s do sitio web&nbsp;www.zeitunfilms.com. <\/p>\n\n\n\n<p>Neste sentido, Zeitun Films, S.L. garante o cumprimento da normativa vixente en materia de protecci\u00f3n de datos persoais, reflectida na Lei Org\u00e1nica 3\/2018, do 5 de decembro, de Protecci\u00f3n de Datos Persoais e de Garant\u00eda de Dereitos Dixitais (LOPD  GDD). Cumpre tam\u00e9n co Regulamento (UE) 2016\/679 do Parlamento Europeo e do Consello do 27 de abril de 2016 relativo \u00e1 protecci\u00f3n das persoas f\u00edsicas (RGPD). <\/p>\n\n\n\n<p> O uso de sitio web implica a aceptaci\u00f3n desta Pol\u00edtica de Privacidade as\u00ed como as condici\u00f3ns inclu\u00eddas no\u00a0<a href=\"https:\/\/www.zeitunfilms.com\/?page_id=5633&amp;lang=gl\">Aviso Legal<\/a>.<\/p>\n\n\n\n<h2>IDENTIDADE DO RESPONSABLE<\/h2>\n\n\n\n<ul><li><strong>Titular:<\/strong>&nbsp;Zeitun Films, S.L..<\/li><li><strong>NIF:<\/strong>&nbsp;B70237581<\/li><li><strong>Domicilio:<\/strong>&nbsp;R\u00faa Porta de Aires 12, 2\u00ba, A Coru\u00f1a &#8211; Espa\u00f1a.<\/li><li><strong>Correo electr\u00f3nico:<\/strong>&nbsp;info@zeitunfilms.com<\/li><li><strong>Sitio Web:<\/strong>&nbsp;<a href=\"http:\/\/www.zeitunfilms.com\/?page_id=3&amp;lang=es\">http:\/\/www.zeitunfilms.com<\/a><\/li><\/ul>\n\n\n\n<h2>PRINCIPIOS APLICADOS NO TRATAMENTO DE DATOS<\/h2>\n\n\n\n<p>No tratamento dos seus datos persoais, o Titular aplicar\u00e1 os seguintes principios que se axustan \u00e1s esixencias do novo regulamento europeo de protecci\u00f3n de datos:<\/p>\n\n\n\n<ul><li><strong>Principio de licitude, lealdade e transparencia:<\/strong>\u00a0O Titular sempre requirir\u00e1 o consentimento para o tratamento dos seus datos persoais que pode ser para un ou varias fins espec\u00edficas sobre as que se lle informar\u00e1 previamente con absoluta transparencia.<\/li><li><strong>Principio de minimizaci\u00f3n de datos:<\/strong> O Titular solicitaralle s\u00f3 os datos estritamente necesarios para a fin ou as fins que os solicita.<\/li><li><strong>Principio de limitaci\u00f3n do prazo de conservaci\u00f3n:<\/strong> Os datos manteranse durante o tempo estritamente necesario para a fin ou as fins do tratamento. O Titular informar\u00e1 \u00f3 Usuario do prazo de conservaci\u00f3n correspondente segundo <a href=\"https:\/\/www.zeitunfilms.com\/?page_id=5760&amp;lang=gl\">a finalidade<\/a>. No caso de subscrici\u00f3ns, o Titular revisar\u00e1 periodicamente as listas e eliminar\u00e1 aqueles rexistros inactivos durante un tempo considerable.<\/li><li><strong>Principio de integridade e confidencialidade:<\/strong>\u00a0Os datos persoais recollidos ser\u00e1n tratados aneira que a s\u00faa seguridade, confidencialidade e integridade estea garantida.<br>O Titular toma as precauci\u00f3ns necesarias para evitar o acceso non autorizado ou uso indebido dos datos dos seus usuarios por parte de terceiros.<\/li><\/ul>\n\n\n\n<h2>OBTENCI\u00d3N DE DATOS PERSOAIS<\/h2>\n\n\n\n<p>Para navegar por&nbsp;<a href=\"http:\/\/www.zeitunfilms.com\/?page_id=3&amp;lang=es\">http:\/\/www.zeitunfilms.com<\/a>&nbsp;non \u00e9 necesario que facilite ning\u00fan dato persoal.<\/p>\n\n\n\n<p>Os casos nos que vostede si proporciona os seus datos personais son os seguintes:<\/p>\n\n\n\n<ul><li>\u00d3 contactar a trav\u00e9s dos formularios de contacto ou enviar un correo electr\u00f3nico.<\/li><\/ul>\n\n\n\n<h2>DEREITOS<\/h2>\n\n\n\n<p>O Titular inf\u00f3rmalle que sobre os seus datos persoais ten dereito a:<\/p>\n\n\n\n<ul><li>Solicitar o acceso \u00f3s datos almacenados.<\/li><li>Solicitar una rectificaci\u00f3n ou a cancelaci\u00f3n.<\/li><li>Solicitar a limitaci\u00f3n do seu tratamento.<\/li><li>Opo\u00f1erse \u00f3 tratamento.<\/li><\/ul>\n\n\n\n<p>Non pode exercitar o dereito \u00e1 portabilidade dos datos.<\/p>\n\n\n\n<p>O exercicio destes dereitos \u00e9 persoal e por tanto debe ser exercido directamente polo interesado, solicit\u00e1ndoo directamente ao Titular, o que significa que calquera cliente, subscritor ou colaborador que facilitase os seus datos nalg\u00fan momento, pode dirixirse a Zeitun Films, S.L. e pedir informaci\u00f3n sobre os datos que ten almacenados e como os obtivo, solicitar a rectificaci\u00f3n dos mesmos, opo\u00f1erse ao tratamento, limitar o seu uso ou solicitar a cancelaci\u00f3n deses datos nos ficheiros do Titular.<\/p>\n\n\n\n<p>Para exercitar os seus dereitos de acceso, rectificaci\u00f3n, cancelaci\u00f3n e oposici\u00f3n ten que enviar un correo electr\u00f3nico a info@zeitunfilms.com xunto coa proba v\u00e1lida en dereito como unha fotocopia do D.N.I. ou equivalente.<\/p>\n\n\n\n<p>Ten dereito \u00e1 tutela xudicial efectiva e a presentar unha reclamaci\u00f3n ante a autoridade de control, neste caso, a Axencia Espa\u00f1ola de Protecci\u00f3n de Datos, se considera que o tratamento de datos persoais que lle  conciernen infrinxe o Regulamento.<\/p>\n\n\n\n<h2 id=\"finalidad-del-tratamiento-de-datos-personales\">FINALIDADE DO TRATAMENTO DE DATOS PERSOAIS<\/h2>\n\n\n\n<p>Cando vostede se conecta ao sitio web para mandar un correo ao Titular, subscr\u00edbese ao seu bolet\u00edn ou contrata un produto ou un servizo, est\u00e1 a facilitar informaci\u00f3n de car\u00e1cter persoal da que o responsable \u00e9 Zeitun Films, S.L. Esta informaci\u00f3n pode inclu\u00edr datos de car\u00e1cter persoal como poden ser a s\u00faa direcci\u00f3n IP, nome e apelidos, direcci\u00f3n f\u00edsica, direcci\u00f3n de correo electr\u00f3nico, n\u00famero de tel\u00e9fono, e outra informaci\u00f3n. Ao facilitar esta informaci\u00f3n, d\u00e1 o seu consentimento para que a s\u00faa informaci\u00f3n sexa recompilada, utilizada, xestionada e almacenada por 1&amp;1 Ionos s\u00f3 como se describe no <a href=\"https:\/\/www.zeitunfilms.com\/?page_id=5633&amp;lang=gl\">Aviso Legal<\/a>\u00a0e na presente <a href=\"https:\/\/www.zeitunfilms.com\/?page_id=5760&amp;lang=gl\">Pol\u00edtica de Privacidade<\/a>.<\/p>\n\n\n\n<p>Os datos persoaies e a finalidade do tratamento por parte do Titular \u00e9 diferente segundo o sistema de captura de informaci\u00f3n:<\/p>\n\n\n\n<ul><li><strong>Formularios de contacto:<\/strong> O Titular solicita datos persoais entre os que poden estar: nome e apelidos, direcci\u00f3n de correo electr\u00f3nico, n\u00famero de tel\u00e9fono e direcci\u00f3n de sitio web coa finalidade de responder as consultas dos Usuarios, ofrecer informaci\u00f3n e demostraci\u00f3ns dos produtos e servizos do Titular, inclu\u00eddos orzamentos. Por exemplo, Zeitun Films, S.L. utiliza eses datos para dar resposta a mensaxes, d\u00fabidas, queixas, comentarios ou inquietudes que poden ter os Usuarios relativas \u00e1 informaci\u00f3n inclu\u00edda no sitio web, \u00f3s produtos e os servizos que se prestan a trav\u00e9s do sitio web, \u00f3 tratamento dos datos persoais, cuesti\u00f3ns referentes aos textos legais inclu\u00eddos no sitio web, as\u00ed como calquera outra consulta que o Usuario poida ter e que non estea suxeita \u00e1s condici\u00f3ns do sitio web ou das condici\u00f3ns de contrataci\u00f3n.<\/li><\/ul>\n\n\n\n<p>Existen outras finalidades polas que o Titular trata datos persoais:<\/p>\n\n\n\n<ol><li>Para garantir o cumprimento das condici\u00f3ns recollidas no\u00a0<a href=\"https:\/\/www.zeitunfilms.com\/?page_id=5633&amp;lang=gl\">Aviso <\/a><a href=\"http:\/\/www.zeitunfilms.com\/?page_id=5044&amp;lang=es\">Legal<\/a>\u00a0e na ley aplicable. Isto pode inclu\u00edr o desenvolvemento de ferramentas e algoritmos que axuden a este sitio Web a garantir a confidencialidade dos datos persoais que recolle.<\/li><li>Para apoiar e mellorar os servizos que ofrece este sitio Web.<\/li><li>Para analizar a navegaci\u00f3n dos usuarios. O Titular recolle outros datos non identificativos que se obte\u00f1en mediante o uso de cookies que se descargan no computador do Usuario cando navega polo sitio web cuxas caracter\u00edsticas e finalidade est\u00e1n detalladas na\u00a0<a href=\"https:\/\/www.zeitunfilms.com\/?page_id=5627&amp;lang=gl\">Pol\u00edtica de Cookies<\/a>\u00a0.<\/li><li>Para xestionar as redes sociais. Zeitun Films, S.L. ten presenza en redes sociais. Se vostede se fai seguidor nas redes sociais do Titular o tratamento dos datos persoais rexerase por este apartado, as\u00ed como por aquelas condici\u00f3ns de uso, pol\u00edticas de privacidade e normativas de acceso que pertenzan \u00e1 rede social que proceda en cada caso e que aceptou previamente.<br>Pode consultar as pol\u00edticas de privacidade das principais redes sociais nestas ligaz\u00f3ns:<ul><li><a rel=\"noreferrer noopener\" href=\"https:\/\/www.facebook.com\/help\/cookies\" target=\"_blank\">Facebook<\/a><\/li><li><a rel=\"noreferrer noopener\" href=\"https:\/\/twitter.com\/privacy\" target=\"_blank\">Twitter<\/a><\/li><li><a rel=\"noreferrer noopener\" href=\"https:\/\/www.linkedin.com\/legal\/cookie-policy\" target=\"_blank\">Linkedin<\/a><\/li><li><a rel=\"noreferrer noopener\" href=\"https:\/\/www.youtube.com\/privacy\" target=\"_blank\">YouTube<\/a><\/li><li><a href=\"https:\/\/vimeo.com\/privacy\">Vimeo<\/a><\/li><li><a rel=\"noreferrer noopener\" href=\"https:\/\/www.instagram.com\/legal\/privacy\/\" target=\"_blank\">Instagram<\/a><\/li><\/ul><\/li><\/ol>\n\n\n\n<p>O Titular tratar\u00e1 os seus datos persoais coa finalidade de administrar correctamente a s\u00faa presenza na rede social, informarlle das s\u00faas actividades, produtos ou servizos, as\u00ed como para calquera outra finalidade que as normativas das redes sociais permitan. En ning\u00fan caso o Titular utilizar\u00e1 os perf\u00eds de seguidores en redes sociais para enviar publicidade de maneira individual.<\/p>\n\n\n\n<h2>SEGURIDADE DOS DATOS PERSOAIS<\/h2>\n\n\n\n<p>Para protexer os seus datos persoais, o Titular toma todas as precauci\u00f3ns razoables e segue as mellores pr\u00e1cticas da industria para evitar a s\u00faa perda, mal uso, acceso indebido, divulgaci\u00f3n, alteraci\u00f3n ou destruci\u00f3n dos mesmos.<\/p>\n\n\n\n<p>O sitio web est\u00e1 aloxado en 1&amp;1 Ionos. A seguridade dos datos est\u00e1 garantida, xa que toman todas as medidas de seguridade necesarias para iso. Pode consultar a s\u00faa pol\u00edtica de privacidade para ter m\u00e1is informaci\u00f3n.<\/p>\n\n\n\n<p>Zeitun Films, S.L. informa \u00f3 Usuario de que os seus datos persoais non ser\u00e1n cedidos a terceiras organizaci\u00f3ns, coa condici\u00f3n de que dita cesi\u00f3n de datos estea amparada nunha obriga legal ou cando a prestaci\u00f3n dun servizo implique a necesidade dunha relaci\u00f3n contractual cun encargado de tratamento. Neste \u00faltimo caso, s\u00f3 levar\u00e1 a cabo a cesi\u00f3n de datos ao terceiro cando Zeitun Films, S.L. dispo\u00f1a do consentimento expreso do Usuario.<\/p>\n\n\n\n<p>Con todo, nalg\u00fans casos p\u00f3dense realizar colaboraci\u00f3ns con outros profesionais. Neses casos requirirase consentimento ao Usuario informando sobre a identidade do colaborador e a finalidade da colaboraci\u00f3n. Sempre se realizar\u00e1 cos m\u00e1is estritos est\u00e1ndares de seguridade.<\/p>\n\n\n\n<h2>CONTIDO DOTROS SITIOS WEB<\/h2>\n\n\n\n<p>As p\u00e1xinas deste sitio web poden inclu\u00edr contido incrustado (por exemplo, v\u00eddeos, imaxes, artigos, etc.). O contido incrustado doutras web comp\u00f3rtase exactamente da mesma maneira que se visitase a outra web.<\/p>\n\n\n\n<p>Estes sitios web poden recompilar datos sobre vostede, empregar cookies, incrustar un c\u00f3digo de seguimento adicional de terceiros, e supervisar a s\u00faa interacci\u00f3n empregando este c\u00f3digo.<\/p>\n\n\n\n<h2>POL\u00cdTICA DE COOKIES<\/h2>\n\n\n\n<p>Para que este sitio web funcione correctamente necesita utilizar cookies, que \u00e9 unha informaci\u00f3n que se almacena no seu navegador web.<\/p>\n\n\n\n<p>Na p\u00e1xina\u00a0<a href=\"https:\/\/www.zeitunfilms.com\/?page_id=5627&amp;lang=gl\">Pol\u00edtica de Cookies<\/a>\u00a0pode consultar toda a informaci\u00f3n relativa \u00e1 pol\u00edtica de recollida, a finalidade e o tratamento das cookies.<\/p>\n\n\n\n<h2>LEXITIMACI\u00d3N PARA O TRATAMENTO DE DATOS<\/h2>\n\n\n\n<p>A base legal para o tratamento dos seus datos \u00e9: o consentimento.<\/p>\n\n\n\n<p>Para contactar co Titular, suscribirse a un bolet\u00edn ou realizar comentarios neste sitio Web ten que aceptar a presente Pol\u00edtica de Privacidade.<\/p>\n\n\n\n<h2>CATEGOR\u00cdAS DE DATOS PERSOAIS<\/h2>\n\n\n\n<p>As categor\u00edas de datos persoais que trata o Titular son:<\/p>\n\n\n\n<ul><li>Datos identificativos.<\/li><li>Non se tratan categor\u00edas de datos especialmente protexidos.<\/li><\/ul>\n\n\n\n<h2>CONSERVACI\u00d3N DE DATOS PERSOAIS<\/h2>\n\n\n\n<p>Os datos persoais que proporcione ao Titular conservaranse ata que solicite a s\u00faa supresi\u00f3n.<\/p>\n\n\n\n<h2>DESTINATARIOS DE DATOS PERSOAIS<\/h2>\n\n\n\n<ul><li><strong>Google Analytics<\/strong>&nbsp;\u00e9 un servizo de anal\u00edtica web prestado por Google, Inc., unha compa\u00f1\u00eda de Delaware cuxa oficina principal est\u00e1 en 1600 Amphitheatre Parkway, Mountain View (California), CA 94043, Estados Unidos (&#8220;Google&#8221;).<br>Google Analytics emprega &#8220;cookies&#8221;, que son arquivos de texto situados no seu computador, para axudar ao Titular a analizar o uso que fan os Usuarios do sitio web. A informaci\u00f3n que xera a cookie sobre o uso do sitio web (inclu\u00edndo a direcci\u00f3n IP) ser\u00e1 directamente transmitida e arquivada por Google nos servidores de Estados Unidos.<br>M\u00e1is informaci\u00f3n en:&nbsp;<a rel=\"noreferrer noopener\" href=\"https:\/\/policies.google.com\/privacy?hl=es-ES\" target=\"_blank\">https:\/\/analytics.google.com<\/a><\/li><\/ul>\n\n\n\n<p>Na p\u00e1xina de&nbsp;<a rel=\"noreferrer noopener\" target=\"_blank\" href=\"https:\/\/policies.google.com\/privacy?hl=es\">Pol\u00edtica de privacidade de Google<\/a>&nbsp;expl\u00edcase c\u00f3mo Google xestiona a privacidade no que respecta \u00f3 uso das cookies e outra informaci\u00f3n.<\/p>\n\n\n\n<p>Tam\u00e9n pode ver unha lista dos&nbsp;<a rel=\"noreferrer noopener\" target=\"_blank\" href=\"https:\/\/policies.google.com\/technologies\/types?hl=es\">tipos de cookies<\/a>&nbsp;que emprega Google e os seus colaboradores e toda a informaci\u00f3n relativa \u00f3 uso que fan das&nbsp;<a rel=\"noreferrer noopener\" target=\"_blank\" href=\"https:\/\/policies.google.com\/technologies\/ads?hl=es\">cookies publicitarias<\/a>.<\/p>\n\n\n\n<h2>NAVEGACI\u00d3N WEB<\/h2>\n\n\n\n<p>Ao navegar por&nbsp;<a href=\"http:\/\/www.zeitunfilms.com\/?page_id=3&amp;lang=es\">http:\/\/www.zeitunfilms.com<\/a>&nbsp;p\u00f3dense recoller datos non identificativos, que poden inclu\u00edr, a direcci\u00f3n IP, xeolocalizaci\u00f3n, un rexistro de como se utilizan os servizos e sitios, h\u00e1bitos de navegaci\u00f3n e outros datos que non poden ser utilizados para identificalo.<\/p>\n\n\n\n<p>O sitio Web emprega os seguintes servizos de an\u00e1lise de terceiros:<\/p>\n\n\n\n<ul><li>Google Analytics.<\/li><\/ul>\n\n\n\n<p>O Titular emprega a informaci\u00f3n obtida para obter datos estat\u00edsticos, analizar tendencias, administrar o sitio, estudar patr\u00f3ns de navegaci\u00f3n e para recompilar informaci\u00f3n demogr\u00e1fica.<\/p>\n\n\n\n<p>O Titular non se fai responsable do tratamento dos datos persoais que realicen as p\u00e1xinas web \u00e1s que poida acceder a trav\u00e9s das distintas ligaz\u00f3ns que cont\u00e9n o sitio web.<\/p>\n\n\n\n<h2>EXACTITUDE E VERACIDADE DOS DATOS PERSOAIS<\/h2>\n\n\n\n<p>Vostede comprom\u00e9tese a que os datos facilitados ao Titular sexan correctos, completos, exactos e vixentes, as\u00ed como a mantelos debidamente actualizados.<\/p>\n\n\n\n<p>Como Usuario do sitio web vostede \u00e9 o \u00fanico responsable da veracidade e correcci\u00f3n dos datos remitidos ao sitio web exonerando a Zeitun Films, S.L. de calquera responsabilidade respecto diso.<\/p>\n\n\n\n<h2>ACEPTACI\u00d3N E CONSENTIMENTO<\/h2>\n\n\n\n<p>Como Usuario do sitio web declara ser informado das condici\u00f3ns sobre protecci\u00f3n de datos de car\u00e1cter persoal, acepta e consente o tratamento dos mesmos por parte de Zeitun Films, S.L. na forma e para as finalidades indicadas nesta Pol\u00edtica de Privacidade.<\/p>\n\n\n\n<h2>REVOCABILIDADE<\/h2>\n\n\n\n<p>Para exercitar os seus dereitos de acceso, rectificaci\u00f3n, cancelaci\u00f3n e oposici\u00f3n ten que enviar un correo electr\u00f3nico a info@zeitunfilms.com xunto coa proba v\u00e1lida en dereito como unha fotocopia do D.N.I. ou equivalente.<\/p>\n\n\n\n<p>O exercicio destes dereitos non incl\u00fae ning\u00fan dato que Zeitun Films, S.L. estea obrigado a conservar con fins administrativos, legais ou de seguridade.<\/p>\n\n\n\n<h2>CAMBIOS NA POL\u00cdTICA DE PRIVACIDADE<\/h2>\n\n\n\n<p>O Titular res\u00e9rvase o dereito para modificar a presente Pol\u00edtica de Privacidade para adaptala a novidades lexislativas ou xurisprudenciais, as\u00ed como a pr\u00e1cticas da industria.<\/p>\n\n\n\n<p>Estas pol\u00edticas estar\u00e1n vixentes ata que sexan modificadas por outras debidamente publicadas.<\/p>\n\n\n\n<p>Zeitun Films, S.L. inf\u00f3rmalle sobre a s\u00faa Pol\u00edtica de Privacidade respecto do tratamento e protecci\u00f3n dos datos de car\u00e1cter persoal dos usuarios e clientes que poidan ser recollidos pola navegaci\u00f3n ou contrataci\u00f3n de servizos a trav\u00e9s do sitio web www.zeitunfilms.com.<br>Neste sentido, o Titular garante o cumprimento da normativa vixente en materia de protecci\u00f3n de datos persoais, reflectida na Lei Org\u00e1nica 3\/2018, do 5 de decembro, de Protecci\u00f3n de Datos Persoais e de Garant\u00eda de Dereitos Dixitais (LOPD  GDD). Cumpre tam\u00e9n co Regulamento (UE) 2016\/679 do Parlamento Europeo e do Consello do 27 de abril de 2016 relativo \u00e1 protecci\u00f3n das persoas f\u00edsicas ( RGPD).<\/p>\n\n\n\n<p>O uso de sitio web implica a aceptaci\u00f3n desta Pol\u00edtica de Privacidade as\u00ed como as condici\u00f3ns inclu\u00eddas no <a href=\"https:\/\/www.zeitunfilms.com\/?page_id=5633&amp;lang=gl\">Aviso Legal<\/a>.<\/p>\n","protected":false},"excerpt":{"rendered":"<p>Zeitun Films, S.L.&nbsp;inf\u00f3rmalle sobre a s\u00faa Pol\u00edtica de Privacidade respecto do tratamento e protecci\u00f3n dos datos de car\u00e1cter persoal dos usuarios e clientes que poidan ser recollidos pola navegaci\u00f3n ou contrataci\u00f3n de servizos a trav\u00e9s do sitio web&nbsp;www.zeitunfilms.com. Neste sentido, [&hellip;]<\/p>\n","protected":false},"author":2,"featured_media":0,"parent":0,"menu_order":0,"comment_status":"closed","ping_status":"open","template":"","meta":[],"yoast_head":"<!-- This site is optimized with the Yoast SEO plugin v20.1 - https:\/\/yoast.com\/wordpress\/plugins\/seo\/ -->\n<title>Pol\u00edtica de privacidade - Zeitun Films<\/title>\n<meta name=\"robots\" content=\"index, follow, max-snippet:-1, max-image-preview:large, max-video-preview:-1\" \/>\n<link rel=\"canonical\" href=\"https:\/\/www.zeitunfilms.com\/?page_id=5760&lang=gl\" \/>\n<meta property=\"og:locale\" content=\"en_GB\" \/>\n<meta property=\"og:type\" content=\"article\" \/>\n<meta property=\"og:title\" content=\"Pol\u00edtica de privacidade - Zeitun Films\" \/>\n<meta property=\"og:description\" content=\"Zeitun Films, S.L.&nbsp;inf\u00f3rmalle sobre a s\u00faa Pol\u00edtica de Privacidade respecto do tratamento e protecci\u00f3n dos datos de car\u00e1cter persoal dos usuarios e clientes que poidan ser recollidos pola navegaci\u00f3n ou contrataci\u00f3n de servizos a trav\u00e9s do sitio web&nbsp;www.zeitunfilms.com. Neste sentido, [&hellip;]\" \/>\n<meta property=\"og:url\" content=\"https:\/\/www.zeitunfilms.com\/?page_id=5760&amp;lang=gl\" \/>\n<meta property=\"og:site_name\" content=\"Zeitun Films\" \/>\n<meta property=\"article:publisher\" content=\"https:\/\/www.facebook.com\/ZeitunFilms\" \/>\n<meta property=\"article:modified_time\" content=\"2021-03-08T17:20:15+00:00\" \/>\n<meta property=\"og:image\" content=\"https:\/\/www.zeitunfilms.com\/wp-content\/uploads\/2021\/01\/Zeitun_logo_header.png\" \/>\n\t<meta property=\"og:image:width\" content=\"280\" \/>\n\t<meta property=\"og:image:height\" content=\"101\" \/>\n\t<meta property=\"og:image:type\" content=\"image\/png\" \/>\n<meta name=\"twitter:card\" content=\"summary_large_image\" \/>\n<meta name=\"twitter:site\" content=\"@zeitunfilms\" \/>\n<meta name=\"twitter:label1\" content=\"Estimated reading time\" \/>\n\t<meta name=\"twitter:data1\" content=\"9 minutes\" \/>\n<script type=\"application\/ld+json\" class=\"yoast-schema-graph\">{\"@context\":\"https:\/\/schema.org\",\"@graph\":[{\"@type\":\"WebPage\",\"@id\":\"https:\/\/www.zeitunfilms.com\/?page_id=5760&lang=gl\",\"url\":\"https:\/\/www.zeitunfilms.com\/?page_id=5760&lang=gl\",\"name\":\"Pol\u00edtica de privacidade - Zeitun Films\",\"isPartOf\":{\"@id\":\"https:\/\/www.zeitunfilms.com\/#website\"},\"datePublished\":\"2021-03-02T17:21:38+00:00\",\"dateModified\":\"2021-03-08T17:20:15+00:00\",\"breadcrumb\":{\"@id\":\"https:\/\/www.zeitunfilms.com\/?page_id=5760&lang=gl#breadcrumb\"},\"inLanguage\":\"en-GB\",\"potentialAction\":[{\"@type\":\"ReadAction\",\"target\":[\"https:\/\/www.zeitunfilms.com\/?page_id=5760&lang=gl\"]}]},{\"@type\":\"BreadcrumbList\",\"@id\":\"https:\/\/www.zeitunfilms.com\/?page_id=5760&lang=gl#breadcrumb\",\"itemListElement\":[{\"@type\":\"ListItem\",\"position\":1,\"name\":\"Home\",\"item\":\"https:\/\/www.zeitunfilms.com\/\"},{\"@type\":\"ListItem\",\"position\":2,\"name\":\"Pol\u00edtica de privacidade\"}]},{\"@type\":\"WebSite\",\"@id\":\"https:\/\/www.zeitunfilms.com\/#website\",\"url\":\"https:\/\/www.zeitunfilms.com\/\",\"name\":\"Zeitun Films\",\"description\":\"Zeitun Films\",\"publisher\":{\"@id\":\"https:\/\/www.zeitunfilms.com\/#organization\"},\"potentialAction\":[{\"@type\":\"SearchAction\",\"target\":{\"@type\":\"EntryPoint\",\"urlTemplate\":\"https:\/\/www.zeitunfilms.com\/?s={search_term_string}\"},\"query-input\":\"required name=search_term_string\"}],\"inLanguage\":\"en-GB\"},{\"@type\":\"Organization\",\"@id\":\"https:\/\/www.zeitunfilms.com\/#organization\",\"name\":\"Zeitun Films\",\"url\":\"https:\/\/www.zeitunfilms.com\/\",\"logo\":{\"@type\":\"ImageObject\",\"inLanguage\":\"en-GB\",\"@id\":\"https:\/\/www.zeitunfilms.com\/#\/schema\/logo\/image\/\",\"url\":\"https:\/\/www.zeitunfilms.com\/wp-content\/uploads\/2021\/01\/Zeitun_logo_header.png\",\"contentUrl\":\"https:\/\/www.zeitunfilms.com\/wp-content\/uploads\/2021\/01\/Zeitun_logo_header.png\",\"width\":280,\"height\":101,\"caption\":\"Zeitun Films\"},\"image\":{\"@id\":\"https:\/\/www.zeitunfilms.com\/#\/schema\/logo\/image\/\"},\"sameAs\":[\"https:\/\/www.facebook.com\/ZeitunFilms\",\"https:\/\/twitter.com\/zeitunfilms\",\"https:\/\/www.youtube.com\/channel\/UCf7Nyy93NptlEwYzPW4GEhg\"]}]}<\/script>\n<!-- \/ Yoast SEO plugin. -->","yoast_head_json":{"title":"Pol\u00edtica de privacidade - Zeitun Films","robots":{"index":"index","follow":"follow","max-snippet":"max-snippet:-1","max-image-preview":"max-image-preview:large","max-video-preview":"max-video-preview:-1"},"canonical":"https:\/\/www.zeitunfilms.com\/?page_id=5760&lang=gl","og_locale":"en_GB","og_type":"article","og_title":"Pol\u00edtica de privacidade - Zeitun Films","og_description":"Zeitun Films, S.L.&nbsp;inf\u00f3rmalle sobre a s\u00faa Pol\u00edtica de Privacidade respecto do tratamento e protecci\u00f3n dos datos de car\u00e1cter persoal dos usuarios e clientes que poidan ser recollidos pola navegaci\u00f3n ou contrataci\u00f3n de servizos a trav\u00e9s do sitio web&nbsp;www.zeitunfilms.com. Neste sentido, [&hellip;]","og_url":"https:\/\/www.zeitunfilms.com\/?page_id=5760&lang=gl","og_site_name":"Zeitun Films","article_publisher":"https:\/\/www.facebook.com\/ZeitunFilms","article_modified_time":"2021-03-08T17:20:15+00:00","og_image":[{"width":280,"height":101,"url":"https:\/\/www.zeitunfilms.com\/wp-content\/uploads\/2021\/01\/Zeitun_logo_header.png","type":"image\/png"}],"twitter_card":"summary_large_image","twitter_site":"@zeitunfilms","twitter_misc":{"Estimated reading time":"9 minutes"},"schema":{"@context":"https:\/\/schema.org","@graph":[{"@type":"WebPage","@id":"https:\/\/www.zeitunfilms.com\/?page_id=5760&lang=gl","url":"https:\/\/www.zeitunfilms.com\/?page_id=5760&lang=gl","name":"Pol\u00edtica de privacidade - Zeitun Films","isPartOf":{"@id":"https:\/\/www.zeitunfilms.com\/#website"},"datePublished":"2021-03-02T17:21:38+00:00","dateModified":"2021-03-08T17:20:15+00:00","breadcrumb":{"@id":"https:\/\/www.zeitunfilms.com\/?page_id=5760&lang=gl#breadcrumb"},"inLanguage":"en-GB","potentialAction":[{"@type":"ReadAction","target":["https:\/\/www.zeitunfilms.com\/?page_id=5760&lang=gl"]}]},{"@type":"BreadcrumbList","@id":"https:\/\/www.zeitunfilms.com\/?page_id=5760&lang=gl#breadcrumb","itemListElement":[{"@type":"ListItem","position":1,"name":"Home","item":"https:\/\/www.zeitunfilms.com\/"},{"@type":"ListItem","position":2,"name":"Pol\u00edtica de privacidade"}]},{"@type":"WebSite","@id":"https:\/\/www.zeitunfilms.com\/#website","url":"https:\/\/www.zeitunfilms.com\/","name":"Zeitun Films","description":"Zeitun Films","publisher":{"@id":"https:\/\/www.zeitunfilms.com\/#organization"},"potentialAction":[{"@type":"SearchAction","target":{"@type":"EntryPoint","urlTemplate":"https:\/\/www.zeitunfilms.com\/?s={search_term_string}"},"query-input":"required name=search_term_string"}],"inLanguage":"en-GB"},{"@type":"Organization","@id":"https:\/\/www.zeitunfilms.com\/#organization","name":"Zeitun Films","url":"https:\/\/www.zeitunfilms.com\/","logo":{"@type":"ImageObject","inLanguage":"en-GB","@id":"https:\/\/www.zeitunfilms.com\/#\/schema\/logo\/image\/","url":"https:\/\/www.zeitunfilms.com\/wp-content\/uploads\/2021\/01\/Zeitun_logo_header.png","contentUrl":"https:\/\/www.zeitunfilms.com\/wp-content\/uploads\/2021\/01\/Zeitun_logo_header.png","width":280,"height":101,"caption":"Zeitun Films"},"image":{"@id":"https:\/\/www.zeitunfilms.com\/#\/schema\/logo\/image\/"},"sameAs":["https:\/\/www.facebook.com\/ZeitunFilms","https:\/\/twitter.com\/zeitunfilms","https:\/\/www.youtube.com\/channel\/UCf7Nyy93NptlEwYzPW4GEhg"]}]}},"_links":{"self":[{"href":"https:\/\/www.zeitunfilms.com\/index.php?rest_route=\/wp\/v2\/pages\/5760"}],"collection":[{"href":"https:\/\/www.zeitunfilms.com\/index.php?rest_route=\/wp\/v2\/pages"}],"about":[{"href":"https:\/\/www.zeitunfilms.com\/index.php?rest_route=\/wp\/v2\/types\/page"}],"author":[{"embeddable":true,"href":"https:\/\/www.zeitunfilms.com\/index.php?rest_route=\/wp\/v2\/users\/2"}],"replies":[{"embeddable":true,"href":"https:\/\/www.zeitunfilms.com\/index.php?rest_route=%2Fwp%2Fv2%2Fcomments&post=5760"}],"version-history":[{"count":5,"href":"https:\/\/www.zeitunfilms.com\/index.php?rest_route=\/wp\/v2\/pages\/5760\/revisions"}],"predecessor-version":[{"id":5817,"href":"https:\/\/www.zeitunfilms.com\/index.php?rest_route=\/wp\/v2\/pages\/5760\/revisions\/5817"}],"wp:attachment":[{"href":"https:\/\/www.zeitunfilms.com\/index.php?rest_route=%2Fwp%2Fv2%2Fmedia&parent=5760"}],"curies":[{"name":"wp","href":"https:\/\/api.w.org\/{rel}","templated":true}]}}