{"id":5633,"date":"2021-03-01T15:46:13","date_gmt":"2021-03-01T15:46:13","guid":{"rendered":"http:\/\/www.zeitunfilms.com\/?page_id=5633"},"modified":"2025-04-15T15:17:45","modified_gmt":"2025-04-15T15:17:45","slug":"aviso-legal-2","status":"publish","type":"page","link":"https:\/\/www.zeitunfilms.com\/?page_id=5633&lang=gl","title":{"rendered":"Aviso Legal"},"content":{"rendered":"\r\n<h2>IDENTIFICACI\u00d3N E TITULARIDADE<\/h2>\r\n\r\n\r\n\r\n<p>En cumprimento do artigo 10 da Lei 34\/2002, do 11 de xullo, de Servizos da Sociedade da Informaci\u00f3n e Comercio Electr\u00f3nico, o Titular exp\u00f3n os seus datos identificativos.<\/p>\r\n\r\n\r\n\r\n<ul>\r\n<li><strong>Titular:<\/strong>\u00a0Zeitun Films, S.L..<\/li>\r\n<li><strong>NIF:<\/strong>\u00a0B70237581<\/li>\r\n<li>Inscrita no rexistro mercantil da Coru\u00f1a, tomo 3.378, secci\u00f3n Xeral, folio 35, folla C-46.030, inscrici\u00f3n 1\u00aa.<\/li>\r\n<li><strong>Domicilio:<\/strong> R\u00faa San Andr\u00e9s 122, 1\u00ba, A Coru\u00f1a &#8211; Espa\u00f1a.<\/li>\r\n<li><strong>Correo electr\u00f3nico:<\/strong>\u00a0info@zeitunfilms.com<\/li>\r\n<li><strong>Sitio Web:<\/strong>\u00a0<a href=\"http:\/\/www.zeitunfilms.com\/\">http:\/\/www.zeitunfilms.com<\/a><\/li>\r\n<\/ul>\r\n\r\n\r\n\r\n<h2>FINALIDADE<\/h2>\r\n\r\n\r\n\r\n<p>A finalidade do sitio web http:\/\/www.zeitunfilms.com \u00e9 Produtora cinematogr\u00e1fica.<\/p>\r\n\r\n\r\n\r\n<h2>CONDICI\u00d3NS DE USO<\/h2>\r\n\r\n\r\n\r\n<p>A utilizaci\u00f3n do sitio web out\u00f3rgalle a condici\u00f3n de Usuario, e implica a aceptaci\u00f3n completa de todas as cl\u00e1usulas e condici\u00f3ns de uso inclu\u00eddas nas p\u00e1xinas:<\/p>\r\n\r\n\r\n\r\n<ul>\r\n<li><a href=\"https:\/\/www.zeitunfilms.com\/?page_id=5633&amp;lang=gl\">Aviso Legal<\/a><\/li>\r\n<li><a href=\"https:\/\/www.zeitunfilms.com\/?page_id=5760&amp;lang=gl\">Pol\u00edtica de Privacidade<\/a><\/li>\r\n<li><a href=\"https:\/\/www.zeitunfilms.com\/?page_id=5627&amp;lang=gl\">Pol\u00edtica de Cookies<\/a><\/li>\r\n<\/ul>\r\n\r\n\r\n\r\n<p>Se non estivese conforme con todas e cada unha destas cl\u00e1usulas e condici\u00f3ns, abst\u00e9\u00f1ase de utilizar este sitio web.<\/p>\r\n\r\n\r\n\r\n<p>O acceso a este sitio web non sup\u00f3n, de ning\u00fan xeito, o inicio dunha relaci\u00f3n comercial con Zeitun Films, S.L.<\/p>\r\n\r\n\r\n\r\n<p>A trav\u00e9s deste sitio web, o Titular facil\u00edtalle o acceso e a utilizaci\u00f3n de diversos contidos que o Titular ou os seus colaboradores publicaron por medio da internet.<\/p>\r\n\r\n\r\n\r\n<p>Para ese efecto, vostede est\u00e1 obrigado e comprometido a NON empregar calquera dos contidos do sitio web con fins ou efectos il\u00edcitos, prohibidos neste Aviso Legal ou pola lexislaci\u00f3n vixente, lesivos dos dereitos e intereses de terceiros, ou que de calquera forma poidan danar, inutilizar, sobrecargar, deteriorar ou impedir a normal utilizaci\u00f3n dos contidos, os equipos inform\u00e1ticos ou os documentos, arquivos e toda clase de contidos almacenados en calquera equipo inform\u00e1tico propios ou contratados por Zeitun Films, S.L., doutros usuarios ou de calquera usuario da internet.<\/p>\r\n\r\n\r\n\r\n<h2>MEDIDAS DE SEGURIDADE<\/h2>\r\n\r\n\r\n\r\n<p>Os datos persoais que facilite ao Titular poden ser almacenados en bases de datos automatizadas ou non, cuxa titularidade corresponde en exclusiva a Zeitun Films, S.L., que asume todas as medidas de \u00edndole t\u00e9cnica, organizativa e de seguridade que garanten a confidencialidade, integridade e calidade da informaci\u00f3n contida nas mesmas de acordo co establecido na normativa vixente en protecci\u00f3n de datos.<\/p>\r\n\r\n\r\n\r\n<p>Con todo, debe ser consciente de que as medidas de seguridade dos sistemas inform\u00e1ticos na internet non son enteiramente fiables e que, por tanto o Titular non pode garantir a inexistencia de virus ou outros elementos que poidan producir alteraci\u00f3ns nos sistemas inform\u00e1ticos (software e hardware) do Usuario ou nos seus documentos electr\u00f3nicos e ficheiros contidos nos mesmos a\u00ednda que o Titular pon todos os medios necesarios e toma as medidas de seguridade oportunas para evitar a presenza destes elementos dani\u00f1os.<\/p>\r\n\r\n\r\n\r\n<h2>TRATAMENTO DE DATOS PERSOAIS<\/h2>\r\n\r\n\r\n\r\n<p>Vostede pode consultar toda a informaci\u00f3n relativa ao tratamento de datos persoais que recolle o Titular na p\u00e1xina de <a href=\"https:\/\/www.zeitunfilms.com\/?page_id=5760&amp;lang=gl\">Pol\u00edtica de Privacidade<\/a>.<\/p>\r\n\r\n\r\n\r\n<h2>CONTIDOS<\/h2>\r\n\r\n\r\n\r\n<p>O Titular obtivo a informaci\u00f3n, o contido multimedia e os materiais inclu\u00eddos no sitio web de fontes que considera fiables, pero, a\u00ednda que tomou todas as medidas razoables para asegurar que a informaci\u00f3n contida \u00e9 correcta, o Titular non garante que sexa exacta, completa ou actualizada. Zeitun Films, S.L. declina expresamente calquera responsabilidade por erro ou omisi\u00f3n na informaci\u00f3n contida nas p\u00e1xinas deste sitio web.<\/p>\r\n\r\n\r\n\r\n<p>Queda prohibido transmitir ou enviar a trav\u00e9s do sitio web calquera contido ilegal ou il\u00edcito, virus inform\u00e1ticos, ou mensaxes que, en xeral, afecten ou violen dereitos do Titular ou de terceiros.<\/p>\r\n\r\n\r\n\r\n<p>Os contidos de http:\/\/www.zeitunfilms.com te\u00f1en unicamente unha finalidade informativa e baixo ningunha circunstancia deben usarse nin considerarse como oferta de venda, solicitude dunha oferta de compra nin recomendaci\u00f3n para realizar calquera outra operaci\u00f3n, salvo que as\u00ed se indique expresamente.<\/p>\r\n\r\n\r\n\r\n<p>Zeitun Films, S.L. res\u00e9rvase o dereito para modificar, suspender, cancelar ou restrinxir o contido de http:\/\/www.zeitunfilms.com, os v\u00ednculos ou a informaci\u00f3n obtida a trav\u00e9s do sitio web, sen necesidade de aviso previo.<\/p>\r\n\r\n\r\n\r\n<p>Zeitun Films, S.L. non \u00e9 responsable dos danos e prexu\u00edzos que puidesen derivarse da utilizaci\u00f3n da informaci\u00f3n do sitio web ou da contida nas redes sociais do Titular.<\/p>\r\n\r\n\r\n\r\n<h2>POL\u00cdTICA DE COOKIES<\/h2>\r\n\r\n\r\n\r\n<p>Na p\u00e1xina <a href=\"https:\/\/www.zeitunfilms.com\/?page_id=5627&amp;lang=gl\">Pol\u00edtica de Cookies<\/a> pode consultar toda a informaci\u00f3n relativa \u00e1 pol\u00edtica de recollida e tratamento das cookies.<\/p>\r\n\r\n\r\n\r\n<h2>LIGAZ\u00d3NS A OUTROS SITIOS WEB<\/h2>\r\n\r\n\r\n\r\n<p>O Titular pode proporcionarlle acceso a sitios web de terceiros mediante ligaz\u00f3ns coa finalidade exclusiva de informar sobre a existencia doutras fontes de informaci\u00f3n na internet nas que poder\u00e1 ampliar os datos ofrecidos no sitio web.<\/p>\r\n\r\n\r\n\r\n<p>Estas ligaz\u00f3ns a outros sitios web non supo\u00f1en en ning\u00fan caso unha suxerencia ou recomendaci\u00f3n para que vostede visite as p\u00e1xinas web de destino, que est\u00e1n f\u00f3ra do control do Titular, polo que Zeitun Films, S.L. non \u00e9 responsable do contido dos sitios web vinculados nin do resultado que obte\u00f1a ao seguir as ligaz\u00f3ns.<\/p>\r\n\r\n\r\n\r\n<p>As\u00ed mesmo, Zeitun Films, S.L. non responde dos links ou ligaz\u00f3ns situadas nos sitios web vinculados aos que lle proporciona acceso.<\/p>\r\n\r\n\r\n\r\n<p>O establecemento da ligaz\u00f3n non implica en ning\u00fan caso a existencia de relaci\u00f3ns entre Zeitun Films, S.L. e o propietario do sitio no que se estableza a ligaz\u00f3n, nin a aceptaci\u00f3n ou aprobaci\u00f3n por parte do Titular dos seus contidos ou servizos.<\/p>\r\n\r\n\r\n\r\n<p>Se accede a un sitio web externo desde unha ligaz\u00f3n que atope en http:\/\/www.zeitunfilms.com vostede deber\u00e1 ler a propia pol\u00edtica de privacidade do outro sitio web que pode ser diferente da deste sitio web.<\/p>\r\n\r\n\r\n\r\n<h2>PROPIEDADE INTELECTUAL E INDUSTRIAL<\/h2>\r\n\r\n\r\n\r\n<p>Todos os dereitos est\u00e1n reservados.<\/p>\r\n\r\n\r\n\r\n<p>Todo acceso a este sitio web est\u00e1 suxeito \u00e1s seguintes condici\u00f3ns: a reproduci\u00f3n, almacenaxe permanente e a difusi\u00f3n dos contidos ou calquera outro uso que te\u00f1a finalidade p\u00fablica ou comercial queda expresamente prohibida sen o consentimento previo expreso e por escrito de Zeitun Films, S.L.<\/p>\r\n\r\n\r\n\r\n<h2>LIMITACI\u00d3N DE RESPONSABILIDADE<\/h2>\r\n\r\n\r\n\r\n<p>Zeitun Films, S.L. declina calquera responsabilidade no caso de que existan interrupci\u00f3ns ou un mal funcionamento dos Servizos ou contidos ofrecidos na internet, calquera que sexa a s\u00faa causa. As\u00ed mesmo, o Titular non se fai responsable por ca\u00eddas da rede, perdas de negocio como consecuencia de ditas ca\u00eddas, suspensi\u00f3ns temporais de flu\u00eddo el\u00e9ctrico ou calquera outro tipo de dano indirecto que poida ser causado por causas alleas ao Titular.<\/p>\r\n\r\n\r\n\r\n<p>Antes de tomar decisi\u00f3ns e\/ou acci\u00f3ns con base \u00e1 informaci\u00f3n inclu\u00edda no sitio web, o Titular recom\u00e9ndalle comprobar e contrastar a informaci\u00f3n recibida con outras fontes.<\/p>\r\n\r\n\r\n\r\n<h2>XURISDICI\u00d3N<\/h2>\r\n\r\n\r\n\r\n<p>Este Aviso Legal r\u00e9xese integramente pola lexislaci\u00f3n espa\u00f1ola.<\/p>\r\n\r\n\r\n\r\n<h2>CONTACTO<\/h2>\r\n\r\n\r\n\r\n<p>No caso de que vostede te\u00f1a calquera d\u00fabida acerca destas Condici\u00f3ns legais ou queira realizar calquera comentario sobre este sitio web, pode enviar unha mensaxe de correo electr\u00f3nico \u00e1 direcci\u00f3n <a href=\"mailto:info@zeitunfilms.com\">info@zeitunfilms.com<\/a>.<\/p>\r\n","protected":false},"excerpt":{"rendered":"<p>IDENTIFICACI\u00d3N E TITULARIDADE En cumprimento do artigo 10 da Lei 34\/2002, do 11 de xullo, de Servizos da Sociedade da Informaci\u00f3n e Comercio Electr\u00f3nico, o Titular exp\u00f3n os seus datos identificativos. Titular:\u00a0Zeitun Films, S.L.. NIF:\u00a0B70237581 Inscrita no rexistro mercantil da [&hellip;]<\/p>\n","protected":false},"author":2,"featured_media":0,"parent":0,"menu_order":0,"comment_status":"closed","ping_status":"closed","template":"","meta":[],"yoast_head":"<!-- This site is optimized with the Yoast SEO plugin v20.1 - https:\/\/yoast.com\/wordpress\/plugins\/seo\/ -->\n<title>Aviso Legal - Zeitun Films<\/title>\n<meta name=\"robots\" content=\"index, follow, max-snippet:-1, max-image-preview:large, max-video-preview:-1\" \/>\n<link rel=\"canonical\" href=\"https:\/\/www.zeitunfilms.com\/?page_id=5633&lang=gl\" \/>\n<meta property=\"og:locale\" content=\"en_GB\" \/>\n<meta property=\"og:type\" content=\"article\" \/>\n<meta property=\"og:title\" content=\"Aviso Legal - Zeitun Films\" \/>\n<meta property=\"og:description\" content=\"IDENTIFICACI\u00d3N E TITULARIDADE En cumprimento do artigo 10 da Lei 34\/2002, do 11 de xullo, de Servizos da Sociedade da Informaci\u00f3n e Comercio Electr\u00f3nico, o Titular exp\u00f3n os seus datos identificativos. Titular:\u00a0Zeitun Films, S.L.. NIF:\u00a0B70237581 Inscrita no rexistro mercantil da [&hellip;]\" \/>\n<meta property=\"og:url\" content=\"https:\/\/www.zeitunfilms.com\/?page_id=5633&amp;lang=gl\" \/>\n<meta property=\"og:site_name\" content=\"Zeitun Films\" \/>\n<meta property=\"article:publisher\" content=\"https:\/\/www.facebook.com\/ZeitunFilms\" \/>\n<meta property=\"article:modified_time\" content=\"2025-04-15T15:17:45+00:00\" \/>\n<meta property=\"og:image\" content=\"https:\/\/www.zeitunfilms.com\/wp-content\/uploads\/2021\/01\/Zeitun_logo_header.png\" \/>\n\t<meta property=\"og:image:width\" content=\"280\" \/>\n\t<meta property=\"og:image:height\" content=\"101\" \/>\n\t<meta property=\"og:image:type\" content=\"image\/png\" \/>\n<meta name=\"twitter:card\" content=\"summary_large_image\" \/>\n<meta name=\"twitter:site\" content=\"@zeitunfilms\" \/>\n<meta name=\"twitter:label1\" content=\"Estimated reading time\" \/>\n\t<meta name=\"twitter:data1\" content=\"5 minutes\" \/>\n<script type=\"application\/ld+json\" class=\"yoast-schema-graph\">{\"@context\":\"https:\/\/schema.org\",\"@graph\":[{\"@type\":\"WebPage\",\"@id\":\"https:\/\/www.zeitunfilms.com\/?page_id=5633&lang=gl\",\"url\":\"https:\/\/www.zeitunfilms.com\/?page_id=5633&lang=gl\",\"name\":\"Aviso Legal - Zeitun Films\",\"isPartOf\":{\"@id\":\"https:\/\/www.zeitunfilms.com\/#website\"},\"datePublished\":\"2021-03-01T15:46:13+00:00\",\"dateModified\":\"2025-04-15T15:17:45+00:00\",\"breadcrumb\":{\"@id\":\"https:\/\/www.zeitunfilms.com\/?page_id=5633&lang=gl#breadcrumb\"},\"inLanguage\":\"en-GB\",\"potentialAction\":[{\"@type\":\"ReadAction\",\"target\":[\"https:\/\/www.zeitunfilms.com\/?page_id=5633&lang=gl\"]}]},{\"@type\":\"BreadcrumbList\",\"@id\":\"https:\/\/www.zeitunfilms.com\/?page_id=5633&lang=gl#breadcrumb\",\"itemListElement\":[{\"@type\":\"ListItem\",\"position\":1,\"name\":\"Home\",\"item\":\"https:\/\/www.zeitunfilms.com\/\"},{\"@type\":\"ListItem\",\"position\":2,\"name\":\"Aviso Legal\"}]},{\"@type\":\"WebSite\",\"@id\":\"https:\/\/www.zeitunfilms.com\/#website\",\"url\":\"https:\/\/www.zeitunfilms.com\/\",\"name\":\"Zeitun Films\",\"description\":\"Zeitun Films\",\"publisher\":{\"@id\":\"https:\/\/www.zeitunfilms.com\/#organization\"},\"potentialAction\":[{\"@type\":\"SearchAction\",\"target\":{\"@type\":\"EntryPoint\",\"urlTemplate\":\"https:\/\/www.zeitunfilms.com\/?s={search_term_string}\"},\"query-input\":\"required name=search_term_string\"}],\"inLanguage\":\"en-GB\"},{\"@type\":\"Organization\",\"@id\":\"https:\/\/www.zeitunfilms.com\/#organization\",\"name\":\"Zeitun Films\",\"url\":\"https:\/\/www.zeitunfilms.com\/\",\"logo\":{\"@type\":\"ImageObject\",\"inLanguage\":\"en-GB\",\"@id\":\"https:\/\/www.zeitunfilms.com\/#\/schema\/logo\/image\/\",\"url\":\"https:\/\/www.zeitunfilms.com\/wp-content\/uploads\/2021\/01\/Zeitun_logo_header.png\",\"contentUrl\":\"https:\/\/www.zeitunfilms.com\/wp-content\/uploads\/2021\/01\/Zeitun_logo_header.png\",\"width\":280,\"height\":101,\"caption\":\"Zeitun Films\"},\"image\":{\"@id\":\"https:\/\/www.zeitunfilms.com\/#\/schema\/logo\/image\/\"},\"sameAs\":[\"https:\/\/www.facebook.com\/ZeitunFilms\",\"https:\/\/twitter.com\/zeitunfilms\",\"https:\/\/www.youtube.com\/channel\/UCf7Nyy93NptlEwYzPW4GEhg\"]}]}<\/script>\n<!-- \/ Yoast SEO plugin. -->","yoast_head_json":{"title":"Aviso Legal - Zeitun Films","robots":{"index":"index","follow":"follow","max-snippet":"max-snippet:-1","max-image-preview":"max-image-preview:large","max-video-preview":"max-video-preview:-1"},"canonical":"https:\/\/www.zeitunfilms.com\/?page_id=5633&lang=gl","og_locale":"en_GB","og_type":"article","og_title":"Aviso Legal - Zeitun Films","og_description":"IDENTIFICACI\u00d3N E TITULARIDADE En cumprimento do artigo 10 da Lei 34\/2002, do 11 de xullo, de Servizos da Sociedade da Informaci\u00f3n e Comercio Electr\u00f3nico, o Titular exp\u00f3n os seus datos identificativos. Titular:\u00a0Zeitun Films, S.L.. NIF:\u00a0B70237581 Inscrita no rexistro mercantil da [&hellip;]","og_url":"https:\/\/www.zeitunfilms.com\/?page_id=5633&lang=gl","og_site_name":"Zeitun Films","article_publisher":"https:\/\/www.facebook.com\/ZeitunFilms","article_modified_time":"2025-04-15T15:17:45+00:00","og_image":[{"width":280,"height":101,"url":"https:\/\/www.zeitunfilms.com\/wp-content\/uploads\/2021\/01\/Zeitun_logo_header.png","type":"image\/png"}],"twitter_card":"summary_large_image","twitter_site":"@zeitunfilms","twitter_misc":{"Estimated reading time":"5 minutes"},"schema":{"@context":"https:\/\/schema.org","@graph":[{"@type":"WebPage","@id":"https:\/\/www.zeitunfilms.com\/?page_id=5633&lang=gl","url":"https:\/\/www.zeitunfilms.com\/?page_id=5633&lang=gl","name":"Aviso Legal - Zeitun Films","isPartOf":{"@id":"https:\/\/www.zeitunfilms.com\/#website"},"datePublished":"2021-03-01T15:46:13+00:00","dateModified":"2025-04-15T15:17:45+00:00","breadcrumb":{"@id":"https:\/\/www.zeitunfilms.com\/?page_id=5633&lang=gl#breadcrumb"},"inLanguage":"en-GB","potentialAction":[{"@type":"ReadAction","target":["https:\/\/www.zeitunfilms.com\/?page_id=5633&lang=gl"]}]},{"@type":"BreadcrumbList","@id":"https:\/\/www.zeitunfilms.com\/?page_id=5633&lang=gl#breadcrumb","itemListElement":[{"@type":"ListItem","position":1,"name":"Home","item":"https:\/\/www.zeitunfilms.com\/"},{"@type":"ListItem","position":2,"name":"Aviso Legal"}]},{"@type":"WebSite","@id":"https:\/\/www.zeitunfilms.com\/#website","url":"https:\/\/www.zeitunfilms.com\/","name":"Zeitun Films","description":"Zeitun Films","publisher":{"@id":"https:\/\/www.zeitunfilms.com\/#organization"},"potentialAction":[{"@type":"SearchAction","target":{"@type":"EntryPoint","urlTemplate":"https:\/\/www.zeitunfilms.com\/?s={search_term_string}"},"query-input":"required name=search_term_string"}],"inLanguage":"en-GB"},{"@type":"Organization","@id":"https:\/\/www.zeitunfilms.com\/#organization","name":"Zeitun Films","url":"https:\/\/www.zeitunfilms.com\/","logo":{"@type":"ImageObject","inLanguage":"en-GB","@id":"https:\/\/www.zeitunfilms.com\/#\/schema\/logo\/image\/","url":"https:\/\/www.zeitunfilms.com\/wp-content\/uploads\/2021\/01\/Zeitun_logo_header.png","contentUrl":"https:\/\/www.zeitunfilms.com\/wp-content\/uploads\/2021\/01\/Zeitun_logo_header.png","width":280,"height":101,"caption":"Zeitun Films"},"image":{"@id":"https:\/\/www.zeitunfilms.com\/#\/schema\/logo\/image\/"},"sameAs":["https:\/\/www.facebook.com\/ZeitunFilms","https:\/\/twitter.com\/zeitunfilms","https:\/\/www.youtube.com\/channel\/UCf7Nyy93NptlEwYzPW4GEhg"]}]}},"_links":{"self":[{"href":"https:\/\/www.zeitunfilms.com\/index.php?rest_route=\/wp\/v2\/pages\/5633"}],"collection":[{"href":"https:\/\/www.zeitunfilms.com\/index.php?rest_route=\/wp\/v2\/pages"}],"about":[{"href":"https:\/\/www.zeitunfilms.com\/index.php?rest_route=\/wp\/v2\/types\/page"}],"author":[{"embeddable":true,"href":"https:\/\/www.zeitunfilms.com\/index.php?rest_route=\/wp\/v2\/users\/2"}],"replies":[{"embeddable":true,"href":"https:\/\/www.zeitunfilms.com\/index.php?rest_route=%2Fwp%2Fv2%2Fcomments&post=5633"}],"version-history":[{"count":4,"href":"https:\/\/www.zeitunfilms.com\/index.php?rest_route=\/wp\/v2\/pages\/5633\/revisions"}],"predecessor-version":[{"id":6098,"href":"https:\/\/www.zeitunfilms.com\/index.php?rest_route=\/wp\/v2\/pages\/5633\/revisions\/6098"}],"wp:attachment":[{"href":"https:\/\/www.zeitunfilms.com\/index.php?rest_route=%2Fwp%2Fv2%2Fmedia&parent=5633"}],"curies":[{"name":"wp","href":"https:\/\/api.w.org\/{rel}","templated":true}]}}