{"id":5627,"date":"2021-03-01T13:13:10","date_gmt":"2021-03-01T13:13:10","guid":{"rendered":"http:\/\/www.zeitunfilms.com\/?page_id=5627"},"modified":"2021-03-08T17:01:38","modified_gmt":"2021-03-08T17:01:38","slug":"politica-de-cookies-2","status":"publish","type":"page","link":"https:\/\/www.zeitunfilms.com\/?page_id=5627&lang=gl","title":{"rendered":"Pol\u00edtica de Cookies"},"content":{"rendered":"\n<p>En cumprimento co artigo 22 da Lei 34\/2002, do 11 de xullo, de servizos da sociedade da informaci\u00f3n e de comercio electr\u00f3nico (LSSI), en relaci\u00f3n co Regulamento (UE) 2016\/679 do Parlamento Europeo e do Consello, do 27 de abril de 2016, Xeral de Protecci\u00f3n de Datos (RGPD) e a Lei Org\u00e1nica 3\/2018, do 5 de decembro, de Protecci\u00f3n de Datos e garant\u00eda dos dereitos dixitais (LOPDGDD), Zeitun Films, S.L. pon ao dispor dos usuarios a Pol\u00edtica de recollida e tratamento de cookies do sitio web.<\/p>\n\n\n\n<h2>QUE SON AS COOKIES<\/h2>\n\n\n\n<p>Unha Cookie \u00e9 un ficheiro que se descarga no seu computador ao entrar a determinadas p\u00e1xinas web. As cookies permiten a unha p\u00e1xina web, entre outras cousas, almacenar e recuperar informaci\u00f3n sobre os seus h\u00e1bitos de navegaci\u00f3n e \u2014dependendo da informaci\u00f3n que conte\u00f1an e da forma en que utilice o seu equipo\u2014 poden utilizarse para identificalo a vostede.<\/p>\n\n\n\n<h2>COOKIES EMPREGADAS NO SITIO WEB<\/h2>\n\n\n\n<p>A continuaci\u00f3n clasif\u00edcanse as cookies empregadas polo sitio Web&nbsp;<a href=\"http:\/\/www.zeitunfilms.com\/?page_id=5045&amp;lang=es\">http:\/\/www.zeitunfilms.com<\/a>:<\/p>\n\n\n\n<p><strong>Segundo a entidade que as xestiona<\/strong><\/p>\n\n\n\n<ul><li><strong>Cookies propias:<\/strong>&nbsp;Son aquelas enviadas e xestionadas directamente por Zeitun Films, S.L.<\/li><li><strong>Cookies de terceiros:<\/strong>&nbsp;Son aquelas que se env\u00edan ao usuario desde un dominio alleo a Zeitun Films, S.L.<\/li><\/ul>\n\n\n\n<p><strong>Segundo a s\u00faa finalidade<\/strong><\/p>\n\n\n\n<ul><li><strong>Cookies t\u00e9cnicas:<\/strong>&nbsp;Son aquelas que permiten aos usuarios rexistrados navegar a trav\u00e9s do sitio web, da \u00e1rea restrinxida e a utilizar as s\u00faas diferentes funci\u00f3ns, por exemplo, o sistema de comentarios ou o buscador ou levar a cabo o proceso de compra dun Produto ou Servizo.<\/li><li><strong>Cookies de personalizaci\u00f3n:<\/strong>&nbsp;Son aquelas que permiten aos usuarios acceder ao Servizo con algunhas caracter\u00edsticas de car\u00e1cter xeral predefinidas en funci\u00f3n dunha serie de criterios establecidos polo usuario como, por exemplo, o idioma ou o tipo de navegador a trav\u00e9s do cal se conecta a este sitio web.<\/li><li><strong>Cookies de an\u00e1lise ou medici\u00f3n:<\/strong>&nbsp;Son aquelas que, ben tratadas polo sitio web ou por terceiros, permiten cuantificar o n\u00famero de usuarios e as\u00ed realizar a medici\u00f3n e an\u00e1lise estat\u00edstica da utilizaci\u00f3n que fan os usuarios do sitio web. Para iso anal\u00edzase a navegaci\u00f3n que vostede realiza neste sitio web coa fin de melloralo.<\/li><li><strong>Cookies sociais:<\/strong>&nbsp;Son establecidas polas plataformas de redes sociais para permitir aos usuarios compartir contido cos seus amigos e redes.<\/li><\/ul>\n\n\n\n<p><strong>Segundo a s\u00faa duraci\u00f3n<\/strong><\/p>\n\n\n\n<ul><li><strong>Cookies de sesi\u00f3n:<\/strong>&nbsp;Son aquelas dese\u00f1adas para solicitar e almacenar datos mentres o usuario accede ao sitio web.<\/li><li><strong>Cookies persistentes:<\/strong>&nbsp;Son aquelas nas que os datos seguen almacenados no terminal do usuario e poden ser accedidos e tratados durante un per\u00edodo definido polo responsable da cookie.<\/li><\/ul>\n\n\n\n<h2>LISTAXE DE COOKIES EMPREGADAS<\/h2>\n\n\n\n<p>Este sitio Web pode instalar as seguintes cookies:<\/p>\n\n\n\n<p><strong>Cookies t\u00e9cnicas<\/strong><\/p>\n\n\n\n<ul><li><strong>hasConsent:<\/strong>\u00a0Cookie t\u00e9cnica que almacena o consentimento do usuario. \u00c9 persistente e ten unha duraci\u00f3n de 1 ano.<\/li><li><strong>pll_language:<\/strong>\u00a0Cookie t\u00e9cnica que almacena o idioma da interface do usuario. \u00c9 persistente e ten unha duraci\u00f3n de 1 ano.<\/li><\/ul>\n\n\n\n<p><strong>Cookies de an\u00e1lise ou medici\u00f3n<\/strong><\/p>\n\n\n\n<ul><li><strong>_ga:<\/strong>&nbsp;Cookie Anal\u00edtica que habilita a funci\u00f3n de control de visitas \u00fanicas. \u00c9 persistente e ten unha duraci\u00f3n de 2 anos.<\/li><li><strong>_gat:<\/strong>&nbsp;Cookie Anal\u00edtica para limitar o n\u00famero de solicitudes. O seu \u00e1mbito \u00e9 a sesi\u00f3n e ten unha duraci\u00f3n de 1 minuto.<\/li><li><strong>_gid:<\/strong>&nbsp;Cookie Anal\u00edtica para distinguir usuarios. O seu \u00e1mbito \u00e9 a sesi\u00f3n e ten unha duraci\u00f3n de 24 horas.<\/li><li><strong>_utmz:<\/strong>&nbsp;Cookie Anal\u00edtica para rexistrar a fonte de tr\u00e1fico ou a campa\u00f1a que explica como chegou o usuario \u00f3 sitio web. \u00c9 persistente e ten unha duraci\u00f3n de 6 meses.<\/li><li><strong>_utma:&nbsp;<\/strong>Cookie Anal\u00edtica para distinguir usuarios e sesi\u00f3ns. \u00c9 persistente e ten unha duraci\u00f3n de 2 anos.<\/li><\/ul>\n\n\n\n<p>Informaci\u00f3n adicional:<\/p>\n\n\n\n<ul><li>Google Analytics pode instalar outras cookies segundo o documento&nbsp;<a rel=\"noreferrer noopener\" target=\"_blank\" href=\"https:\/\/developers.google.com\/analytics\/devguides\/collection\/analyticsjs\/cookie-usage?hl=es\">Emprego das cookies de Google Analytics en sitios web<\/a>.<\/li><\/ul>\n\n\n\n<p><strong>Cookies sociais<\/strong><\/p>\n\n\n\n<ul><li>O sitio web incl\u00fae outras funcionalidades proporcionadas por servizos de terceiros e redes sociais para mellorar a experiencia dos visitantes. Vostede pode compartir o contido nas s\u00faas redes sociais como \u00abFacebook\u00bb, \u00abTwitter\u00bb, \u00abInstagram\u00bb, \u00abVimeo\u00bb ou \u00abYoutube\u00bb cos bot\u00f3ns inclu\u00eddos para ese efecto ou coas ferramentas para compartilo propias das redes sociais. Como resultado, estes servizos poden instalar cookies e utilizalas para rastrexar a s\u00faa actividade en li\u00f1a. Non temos control directo sobre a informaci\u00f3n recompilada por estas cookies.<\/li><\/ul>\n\n\n\n<h2>ACEPTACI\u00d3N OU REXEITAMENTO DA INSTALACI\u00d3N DE COOKIES<\/h2>\n\n\n\n<p>Zeitun Films, S.L. amosa informaci\u00f3n sobre a s\u00faa Pol\u00edtica de cookies na ligaz\u00f3n <a href=\"http:\/\/www.zeitunfilms.com\/?page_id=5046&amp;lang=es\">Personalizar Cookies<\/a>, onde se amosa informaci\u00f3n esencial sobre o tratamento de datos e permite ao usuario realizar as seguintes acci\u00f3ns:<\/p>\n\n\n\n<ul><li><strong>Aceptar ou rexeitar a instalaci\u00f3n de cookies<\/strong>, ou retirar o consentimento previamente outorgado.<\/li><li><strong>Cambiar as preferencias de cookies<\/strong>.<\/li><li><strong>Obter informaci\u00f3n adicional<\/strong>&nbsp;sobre a Pol\u00edtica de Cookies desde a p\u00e1xina&nbsp;<a href=\"https:\/\/www.zeitunfilms.com\/?page_id=5627&amp;lang=gl\">Pol\u00edtica de cookies<\/a>.<\/li><\/ul>\n\n\n\n<h2>ELIMINACI\u00d3N DE COOKIES<\/h2>\n\n\n\n<p>Vostede pode aceptar, bloquear ou eliminar as cookies instaladas no seu equipo mediante a configuraci\u00f3n das opci\u00f3ns do navegador, pero parte do sitio non funcionar\u00e1 correctamente ou a s\u00faa calidade pode verse afectada.<\/p>\n\n\n\n<p>Nas seguintes ligaz\u00f3ns atopar\u00e1 instruci\u00f3ns para habilitar ou deshabilitar as cookies nos navegadores m\u00e1is com\u00fans.<\/p>\n\n\n\n<ul><li><strong>Firefox<\/strong>&nbsp;<a rel=\"noreferrer noopener\" target=\"_blank\" href=\"http:\/\/support.mozilla.org\/es\/kb\/habilitar-y-deshabilitar-cookies-que-los-sitios-we\">http:\/\/support.mozilla.org\/es\/kb\/habilitar-y-deshabilitar-cookies-que-los-sitios-we<\/a><\/li><li><strong>Google Chrome<\/strong>&nbsp;<a target=\"_blank\" rel=\"noreferrer noopener\" href=\"https:\/\/support.google.com\/chrome\/answer\/95647?hl=es\">https:\/\/support.google.com\/chrome\/answer\/95647?hl=es<\/a><\/li><li><strong>Internet Explorer<\/strong>&nbsp;<a target=\"_blank\" rel=\"noreferrer noopener\" href=\"https:\/\/support.microsoft.com\/es-es\/help\/17442\/windows-internet-explorer-delete-manage-cookies#ie=%22ie-10%22\">https:\/\/support.microsoft.com\/es-es\/help\/17442\/windows-internet-explorer-delete-manage-cookies#ie=&#8221;ie-10&#8243;<\/a><\/li><li><strong>Microsoft Edge<\/strong>&nbsp;<a target=\"_blank\" rel=\"noreferrer noopener\" href=\"https:\/\/support.microsoft.com\/es-es\/help\/4468242\/microsoft-edge-browsing-data-and-privacy\">https:\/\/support.microsoft.com\/es-es\/help\/4468242\/microsoft-edge-browsing-data-and-privacy<\/a><\/li><li><strong>Safari<\/strong>&nbsp;<a rel=\"noreferrer noopener\" target=\"_blank\" href=\"http:\/\/support.apple.com\/kb\/HT1677?viewlocale=es_ES\">http:\/\/support.apple.com\/kb\/HT1677?viewlocale=es_ES<\/a><\/li><\/ul>\n\n\n\n<h2>TRATAMIENTO DE DATOS PERSOAIS<\/h2>\n\n\n\n<p>Zeitun Films, S.L. \u00e9 o Responsable do tratamento dos datos persoais do usuario. Vostede pode consultar toda a informaci\u00f3n relativa ao tratamento de datos personais que recolle o Titular na p\u00e1xina de&nbsp;<a href=\"http:\/\/www.zeitunfilms.com\/?page_id=3&amp;lang=es\">Pol\u00edtica de <\/a><a href=\"https:\/\/www.zeitunfilms.com\/?page_id=5760&amp;lang=gl\">Privacidade<\/a>.<\/p>\n\n\n\n<h2>CONTACTO<\/h2>\n\n\n\n<p>No caso de que te\u00f1a calquera d\u00fabida acerca desta Pol\u00edtica de Cookies ou queira realizar calquera comentario sobre este sitio web, pode enviar unha mensaxe de correo electr\u00f3nico \u00f3 enderezo info@zeitunfilms.com.<\/p>\n","protected":false},"excerpt":{"rendered":"<p>En cumprimento co artigo 22 da Lei 34\/2002, do 11 de xullo, de servizos da sociedade da informaci\u00f3n e de comercio electr\u00f3nico (LSSI), en relaci\u00f3n co Regulamento (UE) 2016\/679 do Parlamento Europeo e do Consello, do 27 de abril de [&hellip;]<\/p>\n","protected":false},"author":2,"featured_media":0,"parent":0,"menu_order":0,"comment_status":"closed","ping_status":"closed","template":"","meta":[],"yoast_head":"<!-- This site is optimized with the Yoast SEO plugin v20.1 - https:\/\/yoast.com\/wordpress\/plugins\/seo\/ -->\n<title>Pol\u00edtica de Cookies - Zeitun Films<\/title>\n<meta name=\"robots\" content=\"index, follow, max-snippet:-1, max-image-preview:large, max-video-preview:-1\" \/>\n<link rel=\"canonical\" href=\"https:\/\/www.zeitunfilms.com\/?page_id=5627&lang=gl\" \/>\n<meta property=\"og:locale\" content=\"en_GB\" \/>\n<meta property=\"og:type\" content=\"article\" \/>\n<meta property=\"og:title\" content=\"Pol\u00edtica de Cookies - Zeitun Films\" \/>\n<meta property=\"og:description\" content=\"En cumprimento co artigo 22 da Lei 34\/2002, do 11 de xullo, de servizos da sociedade da informaci\u00f3n e de comercio electr\u00f3nico (LSSI), en relaci\u00f3n co Regulamento (UE) 2016\/679 do Parlamento Europeo e do Consello, do 27 de abril de [&hellip;]\" \/>\n<meta property=\"og:url\" content=\"https:\/\/www.zeitunfilms.com\/?page_id=5627&amp;lang=gl\" \/>\n<meta property=\"og:site_name\" content=\"Zeitun Films\" \/>\n<meta property=\"article:publisher\" content=\"https:\/\/www.facebook.com\/ZeitunFilms\" \/>\n<meta property=\"article:modified_time\" content=\"2021-03-08T17:01:38+00:00\" \/>\n<meta property=\"og:image\" content=\"https:\/\/www.zeitunfilms.com\/wp-content\/uploads\/2021\/01\/Zeitun_logo_header.png\" \/>\n\t<meta property=\"og:image:width\" content=\"280\" \/>\n\t<meta property=\"og:image:height\" content=\"101\" \/>\n\t<meta property=\"og:image:type\" content=\"image\/png\" \/>\n<meta name=\"twitter:card\" content=\"summary_large_image\" \/>\n<meta name=\"twitter:site\" content=\"@zeitunfilms\" \/>\n<meta name=\"twitter:label1\" content=\"Estimated reading time\" \/>\n\t<meta name=\"twitter:data1\" content=\"4 minutes\" \/>\n<script type=\"application\/ld+json\" class=\"yoast-schema-graph\">{\"@context\":\"https:\/\/schema.org\",\"@graph\":[{\"@type\":\"WebPage\",\"@id\":\"https:\/\/www.zeitunfilms.com\/?page_id=5627&lang=gl\",\"url\":\"https:\/\/www.zeitunfilms.com\/?page_id=5627&lang=gl\",\"name\":\"Pol\u00edtica de Cookies - Zeitun Films\",\"isPartOf\":{\"@id\":\"https:\/\/www.zeitunfilms.com\/#website\"},\"datePublished\":\"2021-03-01T13:13:10+00:00\",\"dateModified\":\"2021-03-08T17:01:38+00:00\",\"breadcrumb\":{\"@id\":\"https:\/\/www.zeitunfilms.com\/?page_id=5627&lang=gl#breadcrumb\"},\"inLanguage\":\"en-GB\",\"potentialAction\":[{\"@type\":\"ReadAction\",\"target\":[\"https:\/\/www.zeitunfilms.com\/?page_id=5627&lang=gl\"]}]},{\"@type\":\"BreadcrumbList\",\"@id\":\"https:\/\/www.zeitunfilms.com\/?page_id=5627&lang=gl#breadcrumb\",\"itemListElement\":[{\"@type\":\"ListItem\",\"position\":1,\"name\":\"Home\",\"item\":\"https:\/\/www.zeitunfilms.com\/\"},{\"@type\":\"ListItem\",\"position\":2,\"name\":\"Pol\u00edtica de Cookies\"}]},{\"@type\":\"WebSite\",\"@id\":\"https:\/\/www.zeitunfilms.com\/#website\",\"url\":\"https:\/\/www.zeitunfilms.com\/\",\"name\":\"Zeitun Films\",\"description\":\"Zeitun Films\",\"publisher\":{\"@id\":\"https:\/\/www.zeitunfilms.com\/#organization\"},\"potentialAction\":[{\"@type\":\"SearchAction\",\"target\":{\"@type\":\"EntryPoint\",\"urlTemplate\":\"https:\/\/www.zeitunfilms.com\/?s={search_term_string}\"},\"query-input\":\"required name=search_term_string\"}],\"inLanguage\":\"en-GB\"},{\"@type\":\"Organization\",\"@id\":\"https:\/\/www.zeitunfilms.com\/#organization\",\"name\":\"Zeitun Films\",\"url\":\"https:\/\/www.zeitunfilms.com\/\",\"logo\":{\"@type\":\"ImageObject\",\"inLanguage\":\"en-GB\",\"@id\":\"https:\/\/www.zeitunfilms.com\/#\/schema\/logo\/image\/\",\"url\":\"https:\/\/www.zeitunfilms.com\/wp-content\/uploads\/2021\/01\/Zeitun_logo_header.png\",\"contentUrl\":\"https:\/\/www.zeitunfilms.com\/wp-content\/uploads\/2021\/01\/Zeitun_logo_header.png\",\"width\":280,\"height\":101,\"caption\":\"Zeitun Films\"},\"image\":{\"@id\":\"https:\/\/www.zeitunfilms.com\/#\/schema\/logo\/image\/\"},\"sameAs\":[\"https:\/\/www.facebook.com\/ZeitunFilms\",\"https:\/\/twitter.com\/zeitunfilms\",\"https:\/\/www.youtube.com\/channel\/UCf7Nyy93NptlEwYzPW4GEhg\"]}]}<\/script>\n<!-- \/ Yoast SEO plugin. -->","yoast_head_json":{"title":"Pol\u00edtica de Cookies - Zeitun Films","robots":{"index":"index","follow":"follow","max-snippet":"max-snippet:-1","max-image-preview":"max-image-preview:large","max-video-preview":"max-video-preview:-1"},"canonical":"https:\/\/www.zeitunfilms.com\/?page_id=5627&lang=gl","og_locale":"en_GB","og_type":"article","og_title":"Pol\u00edtica de Cookies - Zeitun Films","og_description":"En cumprimento co artigo 22 da Lei 34\/2002, do 11 de xullo, de servizos da sociedade da informaci\u00f3n e de comercio electr\u00f3nico (LSSI), en relaci\u00f3n co Regulamento (UE) 2016\/679 do Parlamento Europeo e do Consello, do 27 de abril de [&hellip;]","og_url":"https:\/\/www.zeitunfilms.com\/?page_id=5627&lang=gl","og_site_name":"Zeitun Films","article_publisher":"https:\/\/www.facebook.com\/ZeitunFilms","article_modified_time":"2021-03-08T17:01:38+00:00","og_image":[{"width":280,"height":101,"url":"https:\/\/www.zeitunfilms.com\/wp-content\/uploads\/2021\/01\/Zeitun_logo_header.png","type":"image\/png"}],"twitter_card":"summary_large_image","twitter_site":"@zeitunfilms","twitter_misc":{"Estimated reading time":"4 minutes"},"schema":{"@context":"https:\/\/schema.org","@graph":[{"@type":"WebPage","@id":"https:\/\/www.zeitunfilms.com\/?page_id=5627&lang=gl","url":"https:\/\/www.zeitunfilms.com\/?page_id=5627&lang=gl","name":"Pol\u00edtica de Cookies - Zeitun Films","isPartOf":{"@id":"https:\/\/www.zeitunfilms.com\/#website"},"datePublished":"2021-03-01T13:13:10+00:00","dateModified":"2021-03-08T17:01:38+00:00","breadcrumb":{"@id":"https:\/\/www.zeitunfilms.com\/?page_id=5627&lang=gl#breadcrumb"},"inLanguage":"en-GB","potentialAction":[{"@type":"ReadAction","target":["https:\/\/www.zeitunfilms.com\/?page_id=5627&lang=gl"]}]},{"@type":"BreadcrumbList","@id":"https:\/\/www.zeitunfilms.com\/?page_id=5627&lang=gl#breadcrumb","itemListElement":[{"@type":"ListItem","position":1,"name":"Home","item":"https:\/\/www.zeitunfilms.com\/"},{"@type":"ListItem","position":2,"name":"Pol\u00edtica de Cookies"}]},{"@type":"WebSite","@id":"https:\/\/www.zeitunfilms.com\/#website","url":"https:\/\/www.zeitunfilms.com\/","name":"Zeitun Films","description":"Zeitun Films","publisher":{"@id":"https:\/\/www.zeitunfilms.com\/#organization"},"potentialAction":[{"@type":"SearchAction","target":{"@type":"EntryPoint","urlTemplate":"https:\/\/www.zeitunfilms.com\/?s={search_term_string}"},"query-input":"required name=search_term_string"}],"inLanguage":"en-GB"},{"@type":"Organization","@id":"https:\/\/www.zeitunfilms.com\/#organization","name":"Zeitun Films","url":"https:\/\/www.zeitunfilms.com\/","logo":{"@type":"ImageObject","inLanguage":"en-GB","@id":"https:\/\/www.zeitunfilms.com\/#\/schema\/logo\/image\/","url":"https:\/\/www.zeitunfilms.com\/wp-content\/uploads\/2021\/01\/Zeitun_logo_header.png","contentUrl":"https:\/\/www.zeitunfilms.com\/wp-content\/uploads\/2021\/01\/Zeitun_logo_header.png","width":280,"height":101,"caption":"Zeitun Films"},"image":{"@id":"https:\/\/www.zeitunfilms.com\/#\/schema\/logo\/image\/"},"sameAs":["https:\/\/www.facebook.com\/ZeitunFilms","https:\/\/twitter.com\/zeitunfilms","https:\/\/www.youtube.com\/channel\/UCf7Nyy93NptlEwYzPW4GEhg"]}]}},"_links":{"self":[{"href":"https:\/\/www.zeitunfilms.com\/index.php?rest_route=\/wp\/v2\/pages\/5627"}],"collection":[{"href":"https:\/\/www.zeitunfilms.com\/index.php?rest_route=\/wp\/v2\/pages"}],"about":[{"href":"https:\/\/www.zeitunfilms.com\/index.php?rest_route=\/wp\/v2\/types\/page"}],"author":[{"embeddable":true,"href":"https:\/\/www.zeitunfilms.com\/index.php?rest_route=\/wp\/v2\/users\/2"}],"replies":[{"embeddable":true,"href":"https:\/\/www.zeitunfilms.com\/index.php?rest_route=%2Fwp%2Fv2%2Fcomments&post=5627"}],"version-history":[{"count":6,"href":"https:\/\/www.zeitunfilms.com\/index.php?rest_route=\/wp\/v2\/pages\/5627\/revisions"}],"predecessor-version":[{"id":5813,"href":"https:\/\/www.zeitunfilms.com\/index.php?rest_route=\/wp\/v2\/pages\/5627\/revisions\/5813"}],"wp:attachment":[{"href":"https:\/\/www.zeitunfilms.com\/index.php?rest_route=%2Fwp%2Fv2%2Fmedia&parent=5627"}],"curies":[{"name":"wp","href":"https:\/\/api.w.org\/{rel}","templated":true}]}}