{"id":5046,"date":"2021-02-05T16:06:46","date_gmt":"2021-02-05T16:06:46","guid":{"rendered":"http:\/\/www.zeitunfilms.com\/?page_id=5046"},"modified":"2021-02-05T16:06:46","modified_gmt":"2021-02-05T16:06:46","slug":"personalizar-cookies","status":"publish","type":"page","link":"https:\/\/www.zeitunfilms.com\/?page_id=5046&lang=es","title":{"rendered":"Personalizar Cookies"},"content":{"rendered":"\n\n<div>\n      <div id=\"custom-cookies-eu-label\">\n          El sitio Web https:\/\/www.zeitunfilms.com utiliza cookies propias y de terceros para su correcto funcionamiento y para fines anal\u00edticos. Al hacer clic en el bot\u00f3n Aceptar, acepta el uso de estas tecnolog\u00edas y el procesamiento de sus datos para estos prop\u00f3sitos.          \n\n      <\/div>\n\n      <div id=\"custom-cookies-eu-buttons\" class=\"cookies-eu-buttons\">\n        <button id=\"custom-cookies-eu-reject\" class=\"cookies-eu-reject\">Rechazar<\/button>\n        <button id=\"custom-cookies-eu-accept\" class=\"cookies-eu-accept\">ACEPTAR TODAS LAS COOKIES<\/button><\/div>\n      <\/div>\n\n<br\/>\n<p>\n\tPuedes cambiar tus preferencias de cookies en cualquier momento si vuelves a la p\u00e1gina de Personalizar cookies, a la que puedes acceder a trav\u00e9s del Aviso de cookies. \n<\/p>\n\n<h3>Cookies t\u00e9cnicas<\/h3>\n<p>\n\tSon aquellas que permiten a los usuarios registrados navegar a trav\u00e9s del sitio Web, del \u00e1rea restringida y a utilizar sus diferentes funciones, como por ejemplo, el sistema de comentarios o el buscador o llevar a cabo el proceso de compra de un Producto o Servicio y no pueden ser desactivadas.\n<\/p>\n\n<div class=\"custom-cookies-option\">\n  <h3>Cookies de an\u00e1lisis o medici\u00f3n<\/h3>\n  <span>\n    <input type=\"radio\" name=\"cookies-analytics-option\" value=\"true\" class=\"custom-cookies-radio\" data-consent=\"ANLTCS\" id=\"custom-cookies-accept-analytics\" >\n    <label for=\"custom-cookies-accept-analytics\">Activar<\/label>\n    &nbsp;&nbsp;\n    <input type=\"radio\" name=\"cookies-analytics-option\" value=\"false\" class=\"custom-cookies-radio\" data-consent=\"ANLTCS\" id=\"custom-cookies-reject-analytics\" \n    checked>\n    <label for=\"custom-cookies-reject-analytics\">Desactivar<\/label>\n<\/span>\n<\/div>\n\n<p>\n\tSon aquellas que, bien tratadas por el sitio Web o por terceros, permiten cuantificar el n\u00famero de usuarios y as\u00ed realizar la medici\u00f3n y an\u00e1lisis estad\u00edstico de la utilizaci\u00f3n que hacen los usuarios del sitio Web. Para ello se analiza la navegaci\u00f3n que realizas en este sitio Web con el fin de mejorarlo.\n<\/p>\n\n<div class=\"custom-cookies-option\">\n  <h3>Cookies sociales<\/h3>\n  <span>\n    <input type=\"radio\" name=\"cookies-social-option\" value=\"true\" class=\"custom-cookies-radio\" data-consent=\"SCLS\" id=\"custom-cookies-accept-social\" \n    >\n    <label for=\"custom-cookies-accept-social\">Activar<\/label>\n    &nbsp;&nbsp;\n    <input type=\"radio\" name=\"cookies-social-option\" value=\"false\" class=\"custom-cookies-radio\" data-consent=\"SCLS\" id=\"custom-cookies-reject-social\" \n    checked>\n    <label for=\"custom-cookies-reject-social\">Desactivar<\/label>\n<\/span>\n<\/div>\n\n<p>\n  Son establecidas por las plataformas de redes sociales para permitir a los usuarios compartir contenido con sus amigos y redes.  \n<\/p>\n","protected":false},"excerpt":{"rendered":"<p>El sitio Web https:\/\/www.zeitunfilms.com utiliza cookies propias y de terceros para su correcto funcionamiento y para fines anal\u00edticos. Al hacer clic en el bot\u00f3n Aceptar, acepta el uso de estas tecnolog\u00edas y el procesamiento de sus datos para estos prop\u00f3sitos. [&hellip;]<\/p>\n","protected":false},"author":2,"featured_media":0,"parent":0,"menu_order":0,"comment_status":"closed","ping_status":"closed","template":"","meta":[],"yoast_head":"<!-- This site is optimized with the Yoast SEO plugin v20.1 - https:\/\/yoast.com\/wordpress\/plugins\/seo\/ -->\n<title>Personalizar Cookies - Zeitun Films<\/title>\n<meta name=\"robots\" content=\"index, follow, max-snippet:-1, max-image-preview:large, max-video-preview:-1\" \/>\n<link rel=\"canonical\" href=\"https:\/\/www.zeitunfilms.com\/?page_id=5046&lang=es\" \/>\n<meta property=\"og:locale\" content=\"en_GB\" \/>\n<meta property=\"og:type\" content=\"article\" \/>\n<meta property=\"og:title\" content=\"Personalizar Cookies - Zeitun Films\" \/>\n<meta property=\"og:description\" content=\"El sitio Web https:\/\/www.zeitunfilms.com utiliza cookies propias y de terceros para su correcto funcionamiento y para fines anal\u00edticos. Al hacer clic en el bot\u00f3n Aceptar, acepta el uso de estas tecnolog\u00edas y el procesamiento de sus datos para estos prop\u00f3sitos. [&hellip;]\" \/>\n<meta property=\"og:url\" content=\"https:\/\/www.zeitunfilms.com\/?page_id=5046&amp;lang=es\" \/>\n<meta property=\"og:site_name\" content=\"Zeitun Films\" \/>\n<meta property=\"article:publisher\" content=\"https:\/\/www.facebook.com\/ZeitunFilms\" \/>\n<meta property=\"og:image\" content=\"https:\/\/www.zeitunfilms.com\/wp-content\/uploads\/2021\/01\/Zeitun_logo_header.png\" \/>\n\t<meta property=\"og:image:width\" content=\"280\" \/>\n\t<meta property=\"og:image:height\" content=\"101\" \/>\n\t<meta property=\"og:image:type\" content=\"image\/png\" \/>\n<meta name=\"twitter:card\" content=\"summary_large_image\" \/>\n<meta name=\"twitter:site\" content=\"@zeitunfilms\" \/>\n<script type=\"application\/ld+json\" class=\"yoast-schema-graph\">{\"@context\":\"https:\/\/schema.org\",\"@graph\":[{\"@type\":\"WebPage\",\"@id\":\"https:\/\/www.zeitunfilms.com\/?page_id=5046&lang=es\",\"url\":\"https:\/\/www.zeitunfilms.com\/?page_id=5046&lang=es\",\"name\":\"Personalizar Cookies - Zeitun Films\",\"isPartOf\":{\"@id\":\"https:\/\/www.zeitunfilms.com\/#website\"},\"datePublished\":\"2021-02-05T16:06:46+00:00\",\"dateModified\":\"2021-02-05T16:06:46+00:00\",\"breadcrumb\":{\"@id\":\"https:\/\/www.zeitunfilms.com\/?page_id=5046&lang=es#breadcrumb\"},\"inLanguage\":\"en-GB\",\"potentialAction\":[{\"@type\":\"ReadAction\",\"target\":[\"https:\/\/www.zeitunfilms.com\/?page_id=5046&lang=es\"]}]},{\"@type\":\"BreadcrumbList\",\"@id\":\"https:\/\/www.zeitunfilms.com\/?page_id=5046&lang=es#breadcrumb\",\"itemListElement\":[{\"@type\":\"ListItem\",\"position\":1,\"name\":\"Home\",\"item\":\"https:\/\/www.zeitunfilms.com\/\"},{\"@type\":\"ListItem\",\"position\":2,\"name\":\"Personalizar Cookies\"}]},{\"@type\":\"WebSite\",\"@id\":\"https:\/\/www.zeitunfilms.com\/#website\",\"url\":\"https:\/\/www.zeitunfilms.com\/\",\"name\":\"Zeitun Films\",\"description\":\"Zeitun Films\",\"publisher\":{\"@id\":\"https:\/\/www.zeitunfilms.com\/#organization\"},\"potentialAction\":[{\"@type\":\"SearchAction\",\"target\":{\"@type\":\"EntryPoint\",\"urlTemplate\":\"https:\/\/www.zeitunfilms.com\/?s={search_term_string}\"},\"query-input\":\"required name=search_term_string\"}],\"inLanguage\":\"en-GB\"},{\"@type\":\"Organization\",\"@id\":\"https:\/\/www.zeitunfilms.com\/#organization\",\"name\":\"Zeitun Films\",\"url\":\"https:\/\/www.zeitunfilms.com\/\",\"logo\":{\"@type\":\"ImageObject\",\"inLanguage\":\"en-GB\",\"@id\":\"https:\/\/www.zeitunfilms.com\/#\/schema\/logo\/image\/\",\"url\":\"https:\/\/www.zeitunfilms.com\/wp-content\/uploads\/2021\/01\/Zeitun_logo_header.png\",\"contentUrl\":\"https:\/\/www.zeitunfilms.com\/wp-content\/uploads\/2021\/01\/Zeitun_logo_header.png\",\"width\":280,\"height\":101,\"caption\":\"Zeitun Films\"},\"image\":{\"@id\":\"https:\/\/www.zeitunfilms.com\/#\/schema\/logo\/image\/\"},\"sameAs\":[\"https:\/\/www.facebook.com\/ZeitunFilms\",\"https:\/\/twitter.com\/zeitunfilms\",\"https:\/\/www.youtube.com\/channel\/UCf7Nyy93NptlEwYzPW4GEhg\"]}]}<\/script>\n<!-- \/ Yoast SEO plugin. -->","yoast_head_json":{"title":"Personalizar Cookies - Zeitun Films","robots":{"index":"index","follow":"follow","max-snippet":"max-snippet:-1","max-image-preview":"max-image-preview:large","max-video-preview":"max-video-preview:-1"},"canonical":"https:\/\/www.zeitunfilms.com\/?page_id=5046&lang=es","og_locale":"en_GB","og_type":"article","og_title":"Personalizar Cookies - Zeitun Films","og_description":"El sitio Web https:\/\/www.zeitunfilms.com utiliza cookies propias y de terceros para su correcto funcionamiento y para fines anal\u00edticos. Al hacer clic en el bot\u00f3n Aceptar, acepta el uso de estas tecnolog\u00edas y el procesamiento de sus datos para estos prop\u00f3sitos. [&hellip;]","og_url":"https:\/\/www.zeitunfilms.com\/?page_id=5046&lang=es","og_site_name":"Zeitun Films","article_publisher":"https:\/\/www.facebook.com\/ZeitunFilms","og_image":[{"width":280,"height":101,"url":"https:\/\/www.zeitunfilms.com\/wp-content\/uploads\/2021\/01\/Zeitun_logo_header.png","type":"image\/png"}],"twitter_card":"summary_large_image","twitter_site":"@zeitunfilms","schema":{"@context":"https:\/\/schema.org","@graph":[{"@type":"WebPage","@id":"https:\/\/www.zeitunfilms.com\/?page_id=5046&lang=es","url":"https:\/\/www.zeitunfilms.com\/?page_id=5046&lang=es","name":"Personalizar Cookies - Zeitun Films","isPartOf":{"@id":"https:\/\/www.zeitunfilms.com\/#website"},"datePublished":"2021-02-05T16:06:46+00:00","dateModified":"2021-02-05T16:06:46+00:00","breadcrumb":{"@id":"https:\/\/www.zeitunfilms.com\/?page_id=5046&lang=es#breadcrumb"},"inLanguage":"en-GB","potentialAction":[{"@type":"ReadAction","target":["https:\/\/www.zeitunfilms.com\/?page_id=5046&lang=es"]}]},{"@type":"BreadcrumbList","@id":"https:\/\/www.zeitunfilms.com\/?page_id=5046&lang=es#breadcrumb","itemListElement":[{"@type":"ListItem","position":1,"name":"Home","item":"https:\/\/www.zeitunfilms.com\/"},{"@type":"ListItem","position":2,"name":"Personalizar Cookies"}]},{"@type":"WebSite","@id":"https:\/\/www.zeitunfilms.com\/#website","url":"https:\/\/www.zeitunfilms.com\/","name":"Zeitun Films","description":"Zeitun Films","publisher":{"@id":"https:\/\/www.zeitunfilms.com\/#organization"},"potentialAction":[{"@type":"SearchAction","target":{"@type":"EntryPoint","urlTemplate":"https:\/\/www.zeitunfilms.com\/?s={search_term_string}"},"query-input":"required name=search_term_string"}],"inLanguage":"en-GB"},{"@type":"Organization","@id":"https:\/\/www.zeitunfilms.com\/#organization","name":"Zeitun Films","url":"https:\/\/www.zeitunfilms.com\/","logo":{"@type":"ImageObject","inLanguage":"en-GB","@id":"https:\/\/www.zeitunfilms.com\/#\/schema\/logo\/image\/","url":"https:\/\/www.zeitunfilms.com\/wp-content\/uploads\/2021\/01\/Zeitun_logo_header.png","contentUrl":"https:\/\/www.zeitunfilms.com\/wp-content\/uploads\/2021\/01\/Zeitun_logo_header.png","width":280,"height":101,"caption":"Zeitun Films"},"image":{"@id":"https:\/\/www.zeitunfilms.com\/#\/schema\/logo\/image\/"},"sameAs":["https:\/\/www.facebook.com\/ZeitunFilms","https:\/\/twitter.com\/zeitunfilms","https:\/\/www.youtube.com\/channel\/UCf7Nyy93NptlEwYzPW4GEhg"]}]}},"_links":{"self":[{"href":"https:\/\/www.zeitunfilms.com\/index.php?rest_route=\/wp\/v2\/pages\/5046"}],"collection":[{"href":"https:\/\/www.zeitunfilms.com\/index.php?rest_route=\/wp\/v2\/pages"}],"about":[{"href":"https:\/\/www.zeitunfilms.com\/index.php?rest_route=\/wp\/v2\/types\/page"}],"author":[{"embeddable":true,"href":"https:\/\/www.zeitunfilms.com\/index.php?rest_route=\/wp\/v2\/users\/2"}],"replies":[{"embeddable":true,"href":"https:\/\/www.zeitunfilms.com\/index.php?rest_route=%2Fwp%2Fv2%2Fcomments&post=5046"}],"version-history":[{"count":0,"href":"https:\/\/www.zeitunfilms.com\/index.php?rest_route=\/wp\/v2\/pages\/5046\/revisions"}],"wp:attachment":[{"href":"https:\/\/www.zeitunfilms.com\/index.php?rest_route=%2Fwp%2Fv2%2Fmedia&parent=5046"}],"curies":[{"name":"wp","href":"https:\/\/api.w.org\/{rel}","templated":true}]}}