{"id":5045,"date":"2021-02-05T16:06:46","date_gmt":"2021-02-05T16:06:46","guid":{"rendered":"http:\/\/www.zeitunfilms.com\/?page_id=5045"},"modified":"2021-03-08T17:01:18","modified_gmt":"2021-03-08T17:01:18","slug":"politica-de-cookies","status":"publish","type":"page","link":"https:\/\/www.zeitunfilms.com\/?page_id=5045&lang=es","title":{"rendered":"Pol\u00edtica de Cookies"},"content":{"rendered":"\n<p>En cumplimiento con el art\u00edculo 22 de la Ley 34\/2002, de 11 de julio, de servicios de la sociedad de la informaci\u00f3n y de comercio electr\u00f3nico (LSSI), en relaci\u00f3n con el Reglamento (UE) 2016\/679 del Parlamento Europeo y del Consejo, de 27 de abril de 2016, General de Protecci\u00f3n de Datos (RGPD) y la Ley Org\u00e1nica 3\/2018, de 5 de diciembre, de Protecci\u00f3n de Datos y garant\u00eda de los derechos digitales (LOPDGDD), Zeitun Films, S.L. pone a disposici\u00f3n de los usuarios la Pol\u00edtica de recogida y tratamiento de cookies del sitio Web.<\/p>\n\n\n\n<h2>QU\u00c9 SON LAS COOKIES<\/h2>\n\n\n\n<p>Una Cookie es un fichero que se descarga en su ordenador al entrar a determinadas p\u00e1ginas web. Las cookies permiten a una p\u00e1gina web, entre otras cosas, almacenar y recuperar informaci\u00f3n sobre sus h\u00e1bitos de navegaci\u00f3n y \u2014dependiendo de la informaci\u00f3n que contengan y de la forma en que utilice su equipo\u2014 pueden utilizarse para identificarle.<\/p>\n\n\n\n<h2>COOKIES UTILIZADAS EN EL SITIO WEB<\/h2>\n\n\n\n<p>A continuaci\u00f3n se clasifican las cookies utilizadas por el sitio Web&nbsp;<a href=\"https:\/\/www.zeitunfilms.com\/?page_id=5045&amp;lang=es\">https:\/\/www.zeitunfilms.com<\/a>:<\/p>\n\n\n\n<p><strong>Seg\u00fan la entidad que las gestiona<\/strong><\/p>\n\n\n\n<ul><li><strong>Cookies propias:<\/strong>&nbsp;Son aquellas enviadas y gestionadas directamente por Zeitun Films, S.L..<\/li><li><strong>Cookies de terceros:<\/strong>&nbsp;Son aquellas que se env\u00edan al usuario desde un dominio ajeno a Zeitun Films, S.L..<\/li><\/ul>\n\n\n\n<p><strong>Seg\u00fan su finalidad<\/strong><\/p>\n\n\n\n<ul><li><strong>Cookies t\u00e9cnicas:<\/strong>&nbsp;Son aquellas que permiten a los usuarios registrados navegar a trav\u00e9s del sitio Web, del \u00e1rea restringida y a utilizar sus diferentes funciones, como por ejemplo, el sistema de comentarios o el buscador o llevar a cabo el proceso de compra de un Producto o Servicio.<\/li><li><strong>Cookies de personalizaci\u00f3n:<\/strong>&nbsp;Son aquellas que permiten a los usuarios acceder al Servicio con algunas caracter\u00edsticas de car\u00e1cter general predefinidas en funci\u00f3n de una serie de criterios establecidos por el usuario como, por ejemplo, el idioma o el tipo de navegador a trav\u00e9s del cual se conecta a este sitio Web.<\/li><li><strong>Cookies de an\u00e1lisis o medici\u00f3n:<\/strong>&nbsp;Son aquellas que, bien tratadas por el sitio Web o por terceros, permiten cuantificar el n\u00famero de usuarios y as\u00ed realizar la medici\u00f3n y an\u00e1lisis estad\u00edstico de la utilizaci\u00f3n que hacen los usuarios del sitio Web. Para ello se analiza la navegaci\u00f3n que realizas en este sitio Web con el fin de mejorarlo.<\/li><li><strong>Cookies sociales:<\/strong>&nbsp;Son establecidas por las plataformas de redes sociales para permitir a los usuarios compartir contenido con sus amigos y redes.<\/li><\/ul>\n\n\n\n<p><strong>Seg\u00fan su duraci\u00f3n<\/strong><\/p>\n\n\n\n<ul><li><strong>Cookies de sesi\u00f3n:<\/strong>&nbsp;Son aquellas dise\u00f1adas para recabar y almacenar datos mientras el usuario accede al sitio Web.<\/li><li><strong>Cookies persistentes:<\/strong>&nbsp;Son aquellas en las que los datos siguen almacenados en el terminal del usuario y pueden ser accedidos y tratados durante un per\u00edodo definido por el responsable de la cookie.<\/li><\/ul>\n\n\n\n<h2>LISTADO DE COOKIES UTILIZADAS<\/h2>\n\n\n\n<p>Este sitio Web puede instalar las siguientes cookies:<\/p>\n\n\n\n<p><strong>Cookies t\u00e9cnicas<\/strong><\/p>\n\n\n\n<ul><li><strong>hasConsent:<\/strong>\u00a0Cookie t\u00e9cnica que almacena el consentimiento del usuario. Es persistente y tiene una duraci\u00f3n de 1 a\u00f1o.<\/li><li><strong>pll_language:<\/strong> Cookie t\u00e9cnica que almacena el idioma de la interfaz del usuario. Es persistente y tiene una duraci\u00f3n de 1 a\u00f1o.<\/li><\/ul>\n\n\n\n<p><strong>Cookies de an\u00e1lisis o medici\u00f3n<\/strong><\/p>\n\n\n\n<ul><li><strong>_ga:<\/strong>&nbsp;Cookie Anal\u00edtica que habilita la funci\u00f3n de control de visitas \u00fanicas. Es persistente y tiene una duraci\u00f3n de 2 a\u00f1os.<\/li><li><strong>_gat:<\/strong>&nbsp;Cookie Anal\u00edtica para limitar el n\u00famero de solicitudes. Su \u00e1mbito es la sesi\u00f3n y tiene una duraci\u00f3n de 1 minuto.<\/li><li><strong>_gid:<\/strong>&nbsp;Cookie Anal\u00edtica para distinguir usuarios. Su \u00e1mbito es la sesi\u00f3n y tiene una duraci\u00f3n de 24 horas.<\/li><li><strong>_utmz:<\/strong> Cookie Anal\u00edtica para registrar la fuente de tr\u00e1fico o la campa\u00f1a que explica c\u00f3mo ha llegado el usuario al sitio web. Es persistente y tiene una duraci\u00f3n de 6 meses.<\/li><li><strong>_utma: <\/strong>Cookie Anal\u00edtica para distinguir usuarios y sesiones. Es persistente y tiene una duraci\u00f3n de 2 a\u00f1os.<\/li><\/ul>\n\n\n\n<p>Informaci\u00f3n adicional:<\/p>\n\n\n\n<ul><li>Google Analytics puede instalar otras cookies seg\u00fan el documento&nbsp;<a target=\"_blank\" rel=\"noreferrer noopener\" href=\"https:\/\/developers.google.com\/analytics\/devguides\/collection\/analyticsjs\/cookie-usage?hl=es\">Uso de las cookies de Google Analytics en sitios web<\/a>.<\/li><\/ul>\n\n\n\n<p><strong>Cookies sociales<\/strong><\/p>\n\n\n\n<ul><li>El sitio Web incluye otras funcionalidades proporcionadas por servicios de terceros y redes sociales para mejorar la experiencia de los visitantes. Usted puede compartir el contenido en tus redes sociales como \u00abFacebook\u00bb, \u00abTwitter\u00bb, \u00abInstagram\u00bb, \u00abVimeo\u00bb o \u00abYouTube\u00bb con los botones incluidos a tal efecto o con las herramientas para compartir propias de las redes sociales. Como resultado, estos servicios pueden instalar cookies y utilizarlas para rastrear su actividad online. No tenemos control directo sobre la informaci\u00f3n recopilada por estas cookies.<\/li><\/ul>\n\n\n\n<h2>ACEPTACI\u00d3N O RECHAZO DE LA INSTALACI\u00d3N DE COOKIES<\/h2>\n\n\n\n<p>Zeitun Films, S.L. muestra informaci\u00f3n sobre su Pol\u00edtica de cookies en el enlace&nbsp;<a href=\"https:\/\/www.zeitunfilms.com\/?page_id=5046&amp;lang=es\">Personalizar Cookies<\/a>, en donde se muestra informaci\u00f3n esencial sobre el tratamiento de datos y permite al usuario realizar las siguientes acciones:<\/p>\n\n\n\n<ul><li><strong>Aceptar o rechazar la instalaci\u00f3n de cookies<\/strong>, o retirar el consentimiento previamente otorgado.<\/li><li><strong>Cambiar las preferencias de cookies<\/strong>.<\/li><li><strong>Obtener informaci\u00f3n adicional<\/strong>&nbsp;sobre la Pol\u00edtica de Cookies desde la p\u00e1gina&nbsp;<a href=\"https:\/\/www.zeitunfilms.com\/?page_id=5045&amp;lang=es\">Pol\u00edtica de cookies<\/a>.<\/li><\/ul>\n\n\n\n<h2>ELIMINACI\u00d3N DE COOKIES<\/h2>\n\n\n\n<p>Usted puede aceptar, bloquear o eliminar las cookies instaladas en su equipo mediante la configuraci\u00f3n de las opciones del navegador, pero parte del sitio no funcionar\u00e1 correctamente o su calidad puede verse afectada.<\/p>\n\n\n\n<p>En los siguientes enlaces encontrar\u00e1 instrucciones para habilitar o deshabilitar las cookies en los navegadores m\u00e1s comunes.<\/p>\n\n\n\n<ul><li><strong>Firefox<\/strong>&nbsp;<a rel=\"noreferrer noopener\" target=\"_blank\" href=\"http:\/\/support.mozilla.org\/es\/kb\/habilitar-y-deshabilitar-cookies-que-los-sitios-we\">http:\/\/support.mozilla.org\/es\/kb\/habilitar-y-deshabilitar-cookies-que-los-sitios-we<\/a><\/li><li><strong>Google Chrome<\/strong>&nbsp;<a target=\"_blank\" rel=\"noreferrer noopener\" href=\"https:\/\/support.google.com\/chrome\/answer\/95647?hl=es\">https:\/\/support.google.com\/chrome\/answer\/95647?hl=es<\/a><\/li><li><strong>Internet Explorer<\/strong>&nbsp;<a target=\"_blank\" rel=\"noreferrer noopener\" href=\"https:\/\/support.microsoft.com\/es-es\/help\/17442\/windows-internet-explorer-delete-manage-cookies#ie=%22ie-10%22\">https:\/\/support.microsoft.com\/es-es\/help\/17442\/windows-internet-explorer-delete-manage-cookies#ie=&#8221;ie-10&#8243;<\/a><\/li><li><strong>Microsoft Edge<\/strong>&nbsp;<a target=\"_blank\" rel=\"noreferrer noopener\" href=\"https:\/\/support.microsoft.com\/es-es\/help\/4468242\/microsoft-edge-browsing-data-and-privacy\">https:\/\/support.microsoft.com\/es-es\/help\/4468242\/microsoft-edge-browsing-data-and-privacy<\/a><\/li><li><strong>Safari<\/strong>&nbsp;<a rel=\"noreferrer noopener\" target=\"_blank\" href=\"http:\/\/support.apple.com\/kb\/HT1677?viewlocale=es_ES\">http:\/\/support.apple.com\/kb\/HT1677?viewlocale=es_ES<\/a><\/li><\/ul>\n\n\n\n<h2>TRATAMIENTO DE DATOS PERSONALES<\/h2>\n\n\n\n<p>Zeitun Films, S.L. es el Responsable del tratamiento de los datos personales del usuario. Usted puede consultar toda la informaci\u00f3n relativa al tratamiento de datos personales que recoge el Titular en la p\u00e1gina de&nbsp;<a href=\"https:\/\/www.zeitunfilms.com\/?page_id=3&amp;lang=es\">Pol\u00edtica de Privacidad<\/a>.<\/p>\n\n\n\n<h2>CONTACTO<\/h2>\n\n\n\n<p>En caso de que tenga cualquier duda acerca de esta Pol\u00edtica de Cookies o quiera realizar cualquier comentario sobre este sitio Web, puede enviar un mensaje de correo electr\u00f3nico a la direcci\u00f3n info@zeitunfilms.com.<\/p>\n","protected":false},"excerpt":{"rendered":"<p>En cumplimiento con el art\u00edculo 22 de la Ley 34\/2002, de 11 de julio, de servicios de la sociedad de la informaci\u00f3n y de comercio electr\u00f3nico (LSSI), en relaci\u00f3n con el Reglamento (UE) 2016\/679 del Parlamento Europeo y del Consejo, [&hellip;]<\/p>\n","protected":false},"author":2,"featured_media":0,"parent":0,"menu_order":0,"comment_status":"closed","ping_status":"closed","template":"","meta":[],"yoast_head":"<!-- This site is optimized with the Yoast SEO plugin v20.1 - https:\/\/yoast.com\/wordpress\/plugins\/seo\/ -->\n<title>Pol\u00edtica de Cookies - Zeitun Films<\/title>\n<meta name=\"robots\" content=\"index, follow, max-snippet:-1, max-image-preview:large, max-video-preview:-1\" \/>\n<link rel=\"canonical\" href=\"https:\/\/www.zeitunfilms.com\/?page_id=5045&lang=es\" \/>\n<meta property=\"og:locale\" content=\"en_GB\" \/>\n<meta property=\"og:type\" content=\"article\" \/>\n<meta property=\"og:title\" content=\"Pol\u00edtica de Cookies - Zeitun Films\" \/>\n<meta property=\"og:description\" content=\"En cumplimiento con el art\u00edculo 22 de la Ley 34\/2002, de 11 de julio, de servicios de la sociedad de la informaci\u00f3n y de comercio electr\u00f3nico (LSSI), en relaci\u00f3n con el Reglamento (UE) 2016\/679 del Parlamento Europeo y del Consejo, [&hellip;]\" \/>\n<meta property=\"og:url\" content=\"https:\/\/www.zeitunfilms.com\/?page_id=5045&amp;lang=es\" \/>\n<meta property=\"og:site_name\" content=\"Zeitun Films\" \/>\n<meta property=\"article:publisher\" content=\"https:\/\/www.facebook.com\/ZeitunFilms\" \/>\n<meta property=\"article:modified_time\" content=\"2021-03-08T17:01:18+00:00\" \/>\n<meta property=\"og:image\" content=\"https:\/\/www.zeitunfilms.com\/wp-content\/uploads\/2021\/01\/Zeitun_logo_header.png\" \/>\n\t<meta property=\"og:image:width\" content=\"280\" \/>\n\t<meta property=\"og:image:height\" content=\"101\" \/>\n\t<meta property=\"og:image:type\" content=\"image\/png\" \/>\n<meta name=\"twitter:card\" content=\"summary_large_image\" \/>\n<meta name=\"twitter:site\" content=\"@zeitunfilms\" \/>\n<meta name=\"twitter:label1\" content=\"Estimated reading time\" \/>\n\t<meta name=\"twitter:data1\" content=\"5 minutes\" \/>\n<script type=\"application\/ld+json\" class=\"yoast-schema-graph\">{\"@context\":\"https:\/\/schema.org\",\"@graph\":[{\"@type\":\"WebPage\",\"@id\":\"https:\/\/www.zeitunfilms.com\/?page_id=5045&lang=es\",\"url\":\"https:\/\/www.zeitunfilms.com\/?page_id=5045&lang=es\",\"name\":\"Pol\u00edtica de Cookies - Zeitun Films\",\"isPartOf\":{\"@id\":\"https:\/\/www.zeitunfilms.com\/#website\"},\"datePublished\":\"2021-02-05T16:06:46+00:00\",\"dateModified\":\"2021-03-08T17:01:18+00:00\",\"breadcrumb\":{\"@id\":\"https:\/\/www.zeitunfilms.com\/?page_id=5045&lang=es#breadcrumb\"},\"inLanguage\":\"en-GB\",\"potentialAction\":[{\"@type\":\"ReadAction\",\"target\":[\"https:\/\/www.zeitunfilms.com\/?page_id=5045&lang=es\"]}]},{\"@type\":\"BreadcrumbList\",\"@id\":\"https:\/\/www.zeitunfilms.com\/?page_id=5045&lang=es#breadcrumb\",\"itemListElement\":[{\"@type\":\"ListItem\",\"position\":1,\"name\":\"Home\",\"item\":\"https:\/\/www.zeitunfilms.com\/\"},{\"@type\":\"ListItem\",\"position\":2,\"name\":\"Pol\u00edtica de Cookies\"}]},{\"@type\":\"WebSite\",\"@id\":\"https:\/\/www.zeitunfilms.com\/#website\",\"url\":\"https:\/\/www.zeitunfilms.com\/\",\"name\":\"Zeitun Films\",\"description\":\"Zeitun Films\",\"publisher\":{\"@id\":\"https:\/\/www.zeitunfilms.com\/#organization\"},\"potentialAction\":[{\"@type\":\"SearchAction\",\"target\":{\"@type\":\"EntryPoint\",\"urlTemplate\":\"https:\/\/www.zeitunfilms.com\/?s={search_term_string}\"},\"query-input\":\"required name=search_term_string\"}],\"inLanguage\":\"en-GB\"},{\"@type\":\"Organization\",\"@id\":\"https:\/\/www.zeitunfilms.com\/#organization\",\"name\":\"Zeitun Films\",\"url\":\"https:\/\/www.zeitunfilms.com\/\",\"logo\":{\"@type\":\"ImageObject\",\"inLanguage\":\"en-GB\",\"@id\":\"https:\/\/www.zeitunfilms.com\/#\/schema\/logo\/image\/\",\"url\":\"https:\/\/www.zeitunfilms.com\/wp-content\/uploads\/2021\/01\/Zeitun_logo_header.png\",\"contentUrl\":\"https:\/\/www.zeitunfilms.com\/wp-content\/uploads\/2021\/01\/Zeitun_logo_header.png\",\"width\":280,\"height\":101,\"caption\":\"Zeitun Films\"},\"image\":{\"@id\":\"https:\/\/www.zeitunfilms.com\/#\/schema\/logo\/image\/\"},\"sameAs\":[\"https:\/\/www.facebook.com\/ZeitunFilms\",\"https:\/\/twitter.com\/zeitunfilms\",\"https:\/\/www.youtube.com\/channel\/UCf7Nyy93NptlEwYzPW4GEhg\"]}]}<\/script>\n<!-- \/ Yoast SEO plugin. -->","yoast_head_json":{"title":"Pol\u00edtica de Cookies - Zeitun Films","robots":{"index":"index","follow":"follow","max-snippet":"max-snippet:-1","max-image-preview":"max-image-preview:large","max-video-preview":"max-video-preview:-1"},"canonical":"https:\/\/www.zeitunfilms.com\/?page_id=5045&lang=es","og_locale":"en_GB","og_type":"article","og_title":"Pol\u00edtica de Cookies - Zeitun Films","og_description":"En cumplimiento con el art\u00edculo 22 de la Ley 34\/2002, de 11 de julio, de servicios de la sociedad de la informaci\u00f3n y de comercio electr\u00f3nico (LSSI), en relaci\u00f3n con el Reglamento (UE) 2016\/679 del Parlamento Europeo y del Consejo, [&hellip;]","og_url":"https:\/\/www.zeitunfilms.com\/?page_id=5045&lang=es","og_site_name":"Zeitun Films","article_publisher":"https:\/\/www.facebook.com\/ZeitunFilms","article_modified_time":"2021-03-08T17:01:18+00:00","og_image":[{"width":280,"height":101,"url":"https:\/\/www.zeitunfilms.com\/wp-content\/uploads\/2021\/01\/Zeitun_logo_header.png","type":"image\/png"}],"twitter_card":"summary_large_image","twitter_site":"@zeitunfilms","twitter_misc":{"Estimated reading time":"5 minutes"},"schema":{"@context":"https:\/\/schema.org","@graph":[{"@type":"WebPage","@id":"https:\/\/www.zeitunfilms.com\/?page_id=5045&lang=es","url":"https:\/\/www.zeitunfilms.com\/?page_id=5045&lang=es","name":"Pol\u00edtica de Cookies - Zeitun Films","isPartOf":{"@id":"https:\/\/www.zeitunfilms.com\/#website"},"datePublished":"2021-02-05T16:06:46+00:00","dateModified":"2021-03-08T17:01:18+00:00","breadcrumb":{"@id":"https:\/\/www.zeitunfilms.com\/?page_id=5045&lang=es#breadcrumb"},"inLanguage":"en-GB","potentialAction":[{"@type":"ReadAction","target":["https:\/\/www.zeitunfilms.com\/?page_id=5045&lang=es"]}]},{"@type":"BreadcrumbList","@id":"https:\/\/www.zeitunfilms.com\/?page_id=5045&lang=es#breadcrumb","itemListElement":[{"@type":"ListItem","position":1,"name":"Home","item":"https:\/\/www.zeitunfilms.com\/"},{"@type":"ListItem","position":2,"name":"Pol\u00edtica de Cookies"}]},{"@type":"WebSite","@id":"https:\/\/www.zeitunfilms.com\/#website","url":"https:\/\/www.zeitunfilms.com\/","name":"Zeitun Films","description":"Zeitun Films","publisher":{"@id":"https:\/\/www.zeitunfilms.com\/#organization"},"potentialAction":[{"@type":"SearchAction","target":{"@type":"EntryPoint","urlTemplate":"https:\/\/www.zeitunfilms.com\/?s={search_term_string}"},"query-input":"required name=search_term_string"}],"inLanguage":"en-GB"},{"@type":"Organization","@id":"https:\/\/www.zeitunfilms.com\/#organization","name":"Zeitun Films","url":"https:\/\/www.zeitunfilms.com\/","logo":{"@type":"ImageObject","inLanguage":"en-GB","@id":"https:\/\/www.zeitunfilms.com\/#\/schema\/logo\/image\/","url":"https:\/\/www.zeitunfilms.com\/wp-content\/uploads\/2021\/01\/Zeitun_logo_header.png","contentUrl":"https:\/\/www.zeitunfilms.com\/wp-content\/uploads\/2021\/01\/Zeitun_logo_header.png","width":280,"height":101,"caption":"Zeitun Films"},"image":{"@id":"https:\/\/www.zeitunfilms.com\/#\/schema\/logo\/image\/"},"sameAs":["https:\/\/www.facebook.com\/ZeitunFilms","https:\/\/twitter.com\/zeitunfilms","https:\/\/www.youtube.com\/channel\/UCf7Nyy93NptlEwYzPW4GEhg"]}]}},"_links":{"self":[{"href":"https:\/\/www.zeitunfilms.com\/index.php?rest_route=\/wp\/v2\/pages\/5045"}],"collection":[{"href":"https:\/\/www.zeitunfilms.com\/index.php?rest_route=\/wp\/v2\/pages"}],"about":[{"href":"https:\/\/www.zeitunfilms.com\/index.php?rest_route=\/wp\/v2\/types\/page"}],"author":[{"embeddable":true,"href":"https:\/\/www.zeitunfilms.com\/index.php?rest_route=\/wp\/v2\/users\/2"}],"replies":[{"embeddable":true,"href":"https:\/\/www.zeitunfilms.com\/index.php?rest_route=%2Fwp%2Fv2%2Fcomments&post=5045"}],"version-history":[{"count":5,"href":"https:\/\/www.zeitunfilms.com\/index.php?rest_route=\/wp\/v2\/pages\/5045\/revisions"}],"predecessor-version":[{"id":5812,"href":"https:\/\/www.zeitunfilms.com\/index.php?rest_route=\/wp\/v2\/pages\/5045\/revisions\/5812"}],"wp:attachment":[{"href":"https:\/\/www.zeitunfilms.com\/index.php?rest_route=%2Fwp%2Fv2%2Fmedia&parent=5045"}],"curies":[{"name":"wp","href":"https:\/\/api.w.org\/{rel}","templated":true}]}}